{"id":519,"date":"2019-06-18T11:37:34","date_gmt":"2019-06-18T09:37:34","guid":{"rendered":"http:\/\/www.zirkusfestival-hueckelhoven.de\/wordpress\/?page_id=519"},"modified":"2021-04-19T00:02:01","modified_gmt":"2021-04-18T22:02:01","slug":"programm","status":"publish","type":"page","link":"https:\/\/www.zirkusfestival-hueckelhoven.de\/wordpress\/programm\/","title":{"rendered":"Programm"},"content":{"rendered":"<div data-colibri-id=\"519-c1\" class=\"style-368 style-local-519-c1 position-relative\">\n  <!---->\n  <div data-colibri-component=\"section\" data-colibri-id=\"519-c2\" id=\"initial-content\" class=\"h-section h-section-global-spacing d-flex align-items-lg-center align-items-md-center align-items-center style-369 style-local-519-c2 position-relative\">\n    <!---->\n    <!---->\n    <div class=\"h-section-grid-container h-section-boxed-container\">\n      <!---->\n      <div data-colibri-id=\"519-c3\" class=\"h-row-container gutters-row-lg-2 gutters-row-md-2 gutters-row-0 gutters-row-v-lg-2 gutters-row-v-md-2 gutters-row-v-2 style-370 style-local-519-c3 position-relative\">\n        <!---->\n        <div class=\"h-row justify-content-lg-center justify-content-md-center justify-content-center align-items-lg-stretch align-items-md-stretch align-items-stretch gutters-col-lg-2 gutters-col-md-2 gutters-col-0 gutters-col-v-lg-2 gutters-col-v-md-2 gutters-col-v-2\">\n          <!---->\n          <div class=\"h-column h-column-container d-flex h-col-lg-auto h-col-md-auto h-col-auto style-371-outer style-local-519-c4-outer\">\n            <div data-colibri-id=\"519-c4\" class=\"d-flex h-flex-basis h-column__inner h-px-lg-2 h-px-md-2 h-px-2 v-inner-lg-2 v-inner-md-2 v-inner-2 style-371 style-local-519-c4 position-relative\">\n              <!---->\n              <!---->\n              <div class=\"w-100 h-y-container h-column__content h-column__v-align flex-basis-100 align-self-lg-start align-self-md-start align-self-start\">\n                <!---->\n                <div data-colibri-id=\"519-c5\" class=\"style-372 style-local-519-c5 position-relative h-element\">\n                  <!---->\n                  <div>\n                    \n                    <p><strong>Mittwoch, 2. Oktober, 11.00 Uhr:&nbsp;<\/strong>\n                      <br>\n                      <u>Gesamtshow: <\/u> Zirkus Confetti (TV Villingen)\n                      <br>\n                      <br>\n                      <u>Einzelnummern:<\/u> Circus Mix (Rotterdam), Traumland (Gesamtschule Marienheide), Camouflage (Gymnasium Kreuzburg, Gro\u00dfkrotzenburg), Radelito (Willy-Brandt-Gesamtschule, K\u00f6ln), Kr\u00fcmel (Rudolf-Steiner-Schule, Wuppertal) <\/p>\n                    \n\n                    \n                    <p><strong>Mittwoch, 2. Oktober, 19.00 Uhr:<\/strong>\n                      <br>\n                      <u>Gesamtshow:<\/u> Watt\u2019n Zirkus (Maria-Sibylla-Merian Gesamtschule, Bochum) <\/p>\n                    \n\n                    \n                    <p><strong>Donnerstag, 3. Oktober, 11.00 Uhr:<\/strong>\n                      <br>\n                      <u>Gesamtshow:<\/u> Circus Basinastak (Gesamtschule Hagen-Haspe)\n                      <br>\n                      <br>\n                      <u>Einzelnummern:<\/u> Traumland (Gesamtschule Marienheide), Camouflage (Gymnasium Kreuzburg, Gro\u00dfkrotzenburg), Zirkus Kr\u00fcmel (Rudolf-Steiner-Schule, Wuppertal), Radelito (Willy-Brandt-Gesamtschule, K\u00f6ln)<\/p>\n                    \n\n                    \n                    <p><strong>Donnerstag, 3. Oktober, 19.00 Uhr:<\/strong>&nbsp;\n                      <br>\n                      <u>Gesamtshow:<\/u> Zirkus Pepperoni (Gymnasium H\u00fcckelhoven)<\/p>\n                    \n\n                    \n                    <p><strong>Freitag, 4. Oktober, 10.00 Uhr: <\/strong>\n                      <br>\n                      <u>Gesamtshows:<\/u> Lintsin Sirkus (Helsinki), Globulini (Rudolf-Steiner-Schule, Pforzheim) (Kurzshows!)\n                      <br>\n                      <br>\n                      <u>Einzelnummern:<\/u> Zirkus Kunterbunt (St\u00e4dt. Gymnasium Herzogenrath) <\/p>\n                    \n\n                    \n                    <p><strong>Freitag, 4. Oktober, 19.00 Uhr: <\/strong>\n                      <br><strong>Gala der Preistr\u00e4ger <\/strong><\/p>\n                    \n                  <\/div>\n                <\/div>\n              <\/div>\n            <\/div>\n          <\/div>\n        <\/div>\n      <\/div>\n    <\/div>\n  <\/div>\n  <div data-colibri-component=\"section\" data-colibri-id=\"519-c6\" id=\"custom\" class=\"h-section h-section-global-spacing d-flex align-items-lg-center align-items-md-center align-items-center style-373 style-local-519-c6 position-relative\">\n    <!---->\n    <!---->\n    <div class=\"h-section-grid-container h-section-boxed-container\">\n      <!---->\n      <div data-colibri-id=\"519-c7\" class=\"h-row-container gutters-row-lg-2 gutters-row-md-2 gutters-row-0 gutters-row-v-lg-2 gutters-row-v-md-2 gutters-row-v-2 style-374 style-local-519-c7 position-relative\">\n        <!---->\n        <div class=\"h-row justify-content-lg-center justify-content-md-center justify-content-center align-items-lg-stretch align-items-md-stretch align-items-stretch gutters-col-lg-2 gutters-col-md-2 gutters-col-0 gutters-col-v-lg-2 gutters-col-v-md-2 gutters-col-v-2\">\n          <!---->\n          <div class=\"h-column h-column-container d-flex h-col-lg-auto h-col-md-auto h-col-auto style-375-outer style-local-519-c8-outer\">\n            <div data-colibri-id=\"519-c8\" class=\"d-flex h-flex-basis h-column__inner h-px-lg-2 h-px-md-2 h-px-2 v-inner-lg-2 v-inner-md-2 v-inner-2 style-375 style-local-519-c8 position-relative\">\n              <!---->\n              <!---->\n              <div class=\"w-100 h-y-container h-column__content h-column__v-align flex-basis-100 align-self-lg-start align-self-md-start align-self-start\">\n                <!---->\n                <div data-colibri-id=\"519-c10\" class=\"h-x-container style-377 style-local-519-c10 position-relative h-element\">\n                  <!---->\n                  <div class=\"h-x-container-inner style-dynamic-519-c10-group style-377-spacing style-local-519-c10-spacing\"><span class=\"h-link__outer style-378-outer style-local-519-c11-outer d-inline-flex h-element\"><a h-use-smooth-scroll=\"true\" href=\"http:\/\/www.zirkusfestival-hueckelhoven.de\/wordpress\/index.php\/impressum\/\"  data-colibri-id=\"519-c11\" class=\"d-flex w-100 align-items-center h-link style-378 style-local-519-c11 position-relative\"><!----><!----> <span>Impressum<\/span><\/a>\n                    <\/span>\n                  <\/div>\n                <\/div>\n              <\/div>\n            <\/div>\n          <\/div>\n          <div class=\"h-column h-column-container d-flex h-col-lg-auto h-col-md-auto h-col-auto style-376-outer style-local-519-c9-outer\">\n            <div data-colibri-id=\"519-c9\" class=\"d-flex h-flex-basis h-column__inner h-px-lg-2 h-px-md-2 h-px-2 v-inner-lg-2 v-inner-md-2 v-inner-2 style-376 style-local-519-c9 position-relative\">\n              <!---->\n              <!---->\n              <div class=\"w-100 h-y-container h-column__content h-column__v-align flex-basis-100 align-self-lg-start align-self-md-start align-self-start\">\n                <!---->\n                <div data-colibri-id=\"519-c12\" class=\"h-x-container style-379 style-local-519-c12 position-relative h-element\">\n                  <!---->\n                  <div class=\"h-x-container-inner style-dynamic-519-c12-group style-379-spacing style-local-519-c12-spacing\"><span class=\"h-link__outer style-380-outer style-local-519-c13-outer d-inline-flex h-element\"><a h-use-smooth-scroll=\"true\" href=\"http:\/\/www.zirkusfestival-hueckelhoven.de\/wordpress\/index.php\/datenschutzerklaerung\/\"  data-colibri-id=\"519-c13\" class=\"d-flex w-100 align-items-center h-link style-380 style-local-519-c13 position-relative\"><!----><!----> <span>Datenschutz<\/span><\/a>\n                    <\/span>\n                  <\/div>\n                <\/div>\n              <\/div>\n            <\/div>\n          <\/div>\n        <\/div>\n      <\/div>\n    <\/div>\n  <\/div>\n<\/div>","protected":false},"excerpt":{"rendered":"<p>Mittwoch, 2. Oktober, 11.00 Uhr:&nbsp; Gesamtshow: Zirkus Confetti (TV Villingen) Einzelnummern: Circus Mix (Rotterdam), Traumland (Gesamtschule Marienheide), Camouflage (Gymnasium Kreuzburg, Gro\u00dfkrotzenburg), Radelito (Willy-Brandt-Gesamtschule, K\u00f6ln), Kr\u00fcmel (Rudolf-Steiner-Schule, Wuppertal) Mittwoch, 2. Oktober, 19.00 Uhr: Gesamtshow: Watt\u2019n Zirkus (Maria-Sibylla-Merian Gesamtschule, Bochum) Donnerstag, 3. Oktober, 11.00 Uhr: Gesamtshow: Circus Basinastak (Gesamtschule Hagen-Haspe) Einzelnummern: Traumland (Gesamtschule Marienheide), Camouflage (Gymnasium Kreuzburg, [&hellip;]<\/p>\n","protected":false},"author":3,"featured_media":0,"parent":0,"menu_order":0,"comment_status":"closed","ping_status":"closed","template":"page-templates\/full-width-page.php","meta":{"footnotes":""},"class_list":["post-519","page","type-page","status-publish","hentry"],"_links":{"self":[{"href":"https:\/\/www.zirkusfestival-hueckelhoven.de\/wordpress\/wp-json\/wp\/v2\/pages\/519","targetHints":{"allow":["GET"]}}],"collection":[{"href":"https:\/\/www.zirkusfestival-hueckelhoven.de\/wordpress\/wp-json\/wp\/v2\/pages"}],"about":[{"href":"https:\/\/www.zirkusfestival-hueckelhoven.de\/wordpress\/wp-json\/wp\/v2\/types\/page"}],"author":[{"embeddable":true,"href":"https:\/\/www.zirkusfestival-hueckelhoven.de\/wordpress\/wp-json\/wp\/v2\/users\/3"}],"replies":[{"embeddable":true,"href":"https:\/\/www.zirkusfestival-hueckelhoven.de\/wordpress\/wp-json\/wp\/v2\/comments?post=519"}],"version-history":[{"count":12,"href":"https:\/\/www.zirkusfestival-hueckelhoven.de\/wordpress\/wp-json\/wp\/v2\/pages\/519\/revisions"}],"predecessor-version":[{"id":997,"href":"https:\/\/www.zirkusfestival-hueckelhoven.de\/wordpress\/wp-json\/wp\/v2\/pages\/519\/revisions\/997"}],"wp:attachment":[{"href":"https:\/\/www.zirkusfestival-hueckelhoven.de\/wordpress\/wp-json\/wp\/v2\/media?parent=519"}],"curies":[{"name":"wp","href":"https:\/\/api.w.org\/{rel}","templated":true}]}}