{"id":5,"date":"2015-06-28T10:28:02","date_gmt":"2015-06-28T08:28:02","guid":{"rendered":"http:\/\/www.zirkusfestival-hueckelhoven.de\/wordpress\/?page_id=5"},"modified":"2025-01-18T13:15:48","modified_gmt":"2025-01-18T12:15:48","slug":"zirkus-pepperoni","status":"publish","type":"page","link":"https:\/\/www.zirkusfestival-hueckelhoven.de\/wordpress\/zirkus-pepperoni\/","title":{"rendered":"Zirkus Pepperoni"},"content":{"rendered":"<div data-colibri-id=\"5-c1\" class=\"style-274 style-local-5-c1 position-relative\">\n  <!---->\n  <div data-colibri-component=\"section\" data-colibri-id=\"5-c2\" id=\"initial-content\" class=\"h-section h-section-global-spacing d-flex align-items-lg-center align-items-md-center align-items-center style-275 style-local-5-c2 position-relative\">\n    <!---->\n    <!---->\n    <div class=\"h-section-grid-container h-section-boxed-container\">\n      <!---->\n      <div data-colibri-id=\"5-c3\" class=\"h-row-container gutters-row-lg-2 gutters-row-md-2 gutters-row-0 gutters-row-v-lg-2 gutters-row-v-md-2 gutters-row-v-2 style-276 style-local-5-c3 position-relative\">\n        <!---->\n        <div class=\"h-row justify-content-lg-center justify-content-md-center justify-content-center align-items-lg-stretch align-items-md-stretch align-items-stretch gutters-col-lg-2 gutters-col-md-2 gutters-col-0 gutters-col-v-lg-2 gutters-col-v-md-2 gutters-col-v-2\">\n          <!---->\n          <div class=\"h-column h-column-container d-flex h-col-lg-auto h-col-md-auto h-col-auto style-633-outer style-local-5-c4-outer\">\n            <div data-colibri-id=\"5-c4\" class=\"d-flex h-flex-basis h-column__inner h-px-lg-2 h-px-md-2 h-px-2 v-inner-lg-2 v-inner-md-2 v-inner-2 style-633 style-local-5-c4 position-relative\">\n              <!---->\n              <!---->\n              <div class=\"w-100 h-y-container h-column__content h-column__v-align flex-basis-100 align-self-lg-start align-self-md-start align-self-start\">\n                <!---->\n                <div data-colibri-id=\"5-c5\" class=\"h-text h-text-component style-634 style-local-5-c5 position-relative h-element\">\n                  <!---->\n                  <!---->\n                  <div class=\"\">\n                    <p><span style=\"font-weight: 400; font-size: 16px; font-family: &quot;Open Sans&quot;; color: rgb(105, 108, 119);\">1999: Ein Sportprojekt, 25 motivierte Jungen und M\u00e4dchen einer 5. Klasse und ein Rechtschreibfehler: der Zirkus Pepperoni feiert in der Turnhalle des Gymnasiums H\u00fcckelhoven seine Premiere! <\/span><\/p>\n                    <p><span style=\"font-weight: 400; font-size: 16px; font-family: &quot;Open Sans&quot;; color: rgb(105, 108, 119);\">In den nachfolgenden Jahren entwickelt sich aus dem einstigen Sportprojekt eine Arbeitsgemeinschaft, die mit mittlerweile knapp 40 Sch\u00fclerinnen und Sch\u00fclern des Gymnasiums H\u00fcckelhoven j\u00e4hrlich eine bis zu 90min\u00fctige Show auf der Aulab\u00fchne des Gymnasiums pr\u00e4sentiert.&nbsp;<\/span><\/p>\n                    <p><strong style=\"font-size: 16px; font-family: &quot;Open Sans&quot;; color: rgb(105, 108, 119);\">Das H\u00fcckelhovener Zirkusfestival<\/strong><span style=\"font-size: 16px; font-family: &quot;Open Sans&quot;; color: rgb(105, 108, 119); font-weight: 400;\">&nbsp;<\/span><\/p>\n                    <p><span style=\"font-weight: 400; font-size: 16px; font-family: &quot;Open Sans&quot;; color: rgb(105, 108, 119);\">Unsere Suche nach einer M\u00f6glichkeit, Gleichgesinnte zu treffen um Erfahrungen auszutauschen, voneinander zu lernen oder miteinander auf der B\u00fchne zu stehen, blieb lange Zeit erfolglos. So entstand 2004 die Idee, ein eigenes Zirkusfestival auf die Beine zu stellen \u2013 organisiert als Wettbewerb in einem richtigen Zirkuszelt. Gesagt \u2013 getan! Trotz anf\u00e4nglicher gro\u00dfer Probleme schaffte es ein engagiertes Team aus Sch\u00fclern, Eltern und Lehrern, diesen Traum Wirklichkeit werden zu lassen. Im September 2005 fand das erste H\u00fcckelhovener Zirkusfestival der weiterf\u00fchrenden Schulen statt. Die Mehrzweckhalle wurde zum Matratzenlager, und rund 200 Kinder und Jugendliche aus ganz NRW feierten ein tolles Zirkusfest!&nbsp;<\/span><\/p>\n                    <p><strong style=\"font-size: 16px; font-family: &quot;Open Sans&quot;; color: rgb(105, 108, 119);\">\u201eBeim zweiten Mal ist es Tradition, beim dritten Mal Brauchtum\u201c<\/strong><span style=\"font-size: 16px; font-family: &quot;Open Sans&quot;; color: rgb(105, 108, 119); font-weight: 400;\">&nbsp;<\/span><\/p>\n                    <p><span style=\"font-weight: 400; font-size: 16px; font-family: &quot;Open Sans&quot;; color: rgb(105, 108, 119);\">Dieser Satz des H\u00fcckelhovener B\u00fcrgermeisters und Schirmherrn der Veranstaltung, Bernd Jansen, klingt sicher noch allen Besuchern der Gala des zweiten H\u00fcckelhovener Zirkusfestivals im Jahr 2007 im Ohr. Was anf\u00e4nglich noch als verr\u00fcckte Idee bel\u00e4chelt wurde, ist mittlerweile ein fester Bestandteil des Schulprogramms und des st\u00e4dtischen Veranstaltungskalenders. Man kann es nicht oft genug betonen: Ohne ein engagiertes Organisationsteam, ohne die Unterst\u00fctzung der Schulleitung und der Stadt H\u00fcckelhoven und nat\u00fcrlich auch der Sponsoren, ohne die wir weiterhin von einem Zirkuszelt tr\u00e4umen w\u00fcrden, w\u00e4re das alles niemals m\u00f6glich gewesen! <\/span><\/p>\n                  <\/div>\n                <\/div>\n              <\/div>\n            <\/div>\n          <\/div>\n        <\/div>\n      <\/div>\n      <div data-colibri-id=\"5-c6\" class=\"h-row-container gutters-row-lg-1 gutters-row-md-1 gutters-row-0 gutters-row-v-lg-1 gutters-row-v-md-1 gutters-row-v-1 style-718 style-local-5-c6 position-relative\">\n        <!---->\n        <div class=\"h-row justify-content-lg-center justify-content-md-center justify-content-center align-items-lg-stretch align-items-md-stretch align-items-stretch gutters-col-lg-1 gutters-col-md-1 gutters-col-0 gutters-col-v-lg-1 gutters-col-v-md-1 gutters-col-v-1\">\n          <!---->\n          <div class=\"h-column h-column-container d-flex h-col-lg-auto h-col-md-auto h-col-auto style-719-outer style-local-5-c7-outer\">\n            <div data-colibri-id=\"5-c7\" class=\"d-flex h-flex-basis h-column__inner h-px-lg-1 h-px-md-1 h-px-1 v-inner-lg-1 v-inner-md-1 v-inner-1 style-719 style-local-5-c7 position-relative\">\n              <!---->\n              <!---->\n              <div class=\"w-100 h-y-container h-column__content h-column__v-align flex-basis-100 align-self-lg-start align-self-md-start align-self-start\">\n                <!---->\n                <div data-colibri-id=\"5-c8\" class=\"style-717 style-local-5-c8 position-relative h-element\">\n                  <!---->\n                  <div class=\"d-flex flex-wrap h-social-icons justify-content-lg-center justify-content-md-center justify-content-center\">\n                    <div class=\"social-icon-container d-inline-flex\">\n                      <a href=\"https:\/\/www.instagram.com\/zirkuspepperoni?igsh=MXNmcHpsbmsyOHAz\" target=\"_blank\" h-use-smooth-scroll=\"true\">\n                        <div class=\"icon-container h-social-icon h-global-transition\" style=\"fill: rgb(195, 42, 163);\">\n                          <div class=\"h-icon-svg\" style=\"width: 100%; height: 100%;\">\n                            <!--Icon by Socicon (http:\/\/www.socicon.com)-->\n                            <svg version=\"1.1\" xmlns=\"http:\/\/www.w3.org\/2000\/svg\" viewBox=\"0 0 1500 1500\">\n\n                              <path d=\"M750 134.766c202.148 0 222.656 2.93 301.758 5.859 76.172 2.93 114.258 14.648 140.625 23.438 35.156 14.648 61.523 32.227 84.961 55.664 26.367 26.367 43.945 52.734 55.664 84.961 11.719 29.297 23.438 67.383 26.367 140.625 2.93 82.031 5.859 102.539 5.859 304.688s-2.93 222.656-5.859 301.758c-2.93 76.172-14.648 114.258-23.438 140.625-14.648 35.156-32.227 61.523-55.664 84.961-26.367 26.367-52.734 43.945-84.961 55.664-29.297 11.719-67.383 23.438-140.625 26.367-82.031 2.93-102.539 5.859-304.688 5.859s-222.656-2.93-301.758-5.859c-76.172-2.93-114.258-14.648-140.625-23.438-35.156-14.648-61.523-32.227-84.961-55.664-26.367-26.367-43.945-52.734-55.664-84.961-11.719-29.297-23.438-67.383-26.367-140.625-2.93-82.031-5.859-102.539-5.859-304.688s2.93-222.656 5.859-301.758c2.93-76.172 14.648-114.258 23.438-140.625 14.648-35.156 32.227-61.523 55.664-84.961 26.367-26.367 52.734-43.945 84.961-55.664 29.297-11.719 67.383-23.438 140.625-26.367 82.031-2.93 102.539-5.859 304.688-5.859M750 0c-205.078 0-228.516 2.93-307.617 5.859-82.031 2.93-137.695 14.648-181.641 32.227-49.805 20.508-93.75 46.875-134.766 87.891s-67.383 84.961-87.891 134.766c-17.578 46.875-29.297 99.609-32.227 181.641-2.93 79.102-5.859 102.539-5.859 307.617s2.93 228.516 5.859 307.617c2.93 82.031 14.648 137.695 32.227 181.641 20.508 49.805 46.875 93.75 87.891 134.766s84.961 67.383 134.766 87.891c46.875 17.578 99.609 29.297 181.641 32.227 79.102 2.93 102.539 5.859 307.617 5.859s228.516-2.93 307.617-5.859c82.031-2.93 137.695-14.648 181.641-32.227 49.805-20.508 93.75-46.875 134.766-87.891s67.383-84.961 87.891-134.766c17.578-46.875 29.297-99.609 32.227-181.641 2.93-79.102 5.859-102.539 5.859-307.617s-2.93-228.516-5.859-307.617c-2.93-82.031-14.648-137.695-32.227-181.641-20.508-49.805-46.875-93.75-87.891-134.766s-84.961-67.383-134.766-87.891c-46.875-17.578-99.609-29.297-181.641-32.227-79.102-2.93-102.539-5.859-307.617-5.859zM750 363.281c-213.867 0-386.719 172.852-386.719 386.719s172.852 386.719 386.719 386.719c213.867 0 386.719-172.852 386.719-386.719s-172.852-386.719-386.719-386.719zM750 1001.953c-137.695 0-251.953-114.258-251.953-251.953s114.258-251.953 251.953-251.953c137.695 0 251.953 114.258 251.953 251.953s-114.258 251.953-251.953 251.953zM1239.258 348.633c0 49.805-38.086 90.82-87.891 90.82s-90.82-41.016-90.82-90.82c0-49.805 41.016-87.891 90.82-87.891s87.891 38.086 87.891 87.891z\"><\/path>\n                            <\/svg>\n                          <\/div>\n                        <\/div>\n                      <\/a>\n                    <\/div>\n                  <\/div>\n                <\/div>\n              <\/div>\n            <\/div>\n          <\/div>\n        <\/div>\n      <\/div>\n    <\/div>\n  <\/div>\n<\/div>","protected":false},"excerpt":{"rendered":"<p>1999: Ein Sportprojekt, 25 motivierte Jungen und M\u00e4dchen einer 5. Klasse und ein Rechtschreibfehler: der Zirkus Pepperoni feiert in der Turnhalle des Gymnasiums H\u00fcckelhoven seine Premiere! In den nachfolgenden Jahren entwickelt sich aus dem einstigen Sportprojekt eine Arbeitsgemeinschaft, die mit mittlerweile knapp 40 Sch\u00fclerinnen und Sch\u00fclern des Gymnasiums H\u00fcckelhoven j\u00e4hrlich eine bis zu 90min\u00fctige Show [&hellip;]<\/p>\n","protected":false},"author":4,"featured_media":0,"parent":0,"menu_order":0,"comment_status":"closed","ping_status":"closed","template":"page-templates\/full-width-page.php","meta":{"footnotes":""},"class_list":["post-5","page","type-page","status-publish","hentry"],"_links":{"self":[{"href":"https:\/\/www.zirkusfestival-hueckelhoven.de\/wordpress\/wp-json\/wp\/v2\/pages\/5","targetHints":{"allow":["GET"]}}],"collection":[{"href":"https:\/\/www.zirkusfestival-hueckelhoven.de\/wordpress\/wp-json\/wp\/v2\/pages"}],"about":[{"href":"https:\/\/www.zirkusfestival-hueckelhoven.de\/wordpress\/wp-json\/wp\/v2\/types\/page"}],"author":[{"embeddable":true,"href":"https:\/\/www.zirkusfestival-hueckelhoven.de\/wordpress\/wp-json\/wp\/v2\/users\/4"}],"replies":[{"embeddable":true,"href":"https:\/\/www.zirkusfestival-hueckelhoven.de\/wordpress\/wp-json\/wp\/v2\/comments?post=5"}],"version-history":[{"count":21,"href":"https:\/\/www.zirkusfestival-hueckelhoven.de\/wordpress\/wp-json\/wp\/v2\/pages\/5\/revisions"}],"predecessor-version":[{"id":3075,"href":"https:\/\/www.zirkusfestival-hueckelhoven.de\/wordpress\/wp-json\/wp\/v2\/pages\/5\/revisions\/3075"}],"wp:attachment":[{"href":"https:\/\/www.zirkusfestival-hueckelhoven.de\/wordpress\/wp-json\/wp\/v2\/media?parent=5"}],"curies":[{"name":"wp","href":"https:\/\/api.w.org\/{rel}","templated":true}]}}