{"id":477,"date":"2018-11-15T17:10:11","date_gmt":"2018-11-15T16:10:11","guid":{"rendered":"http:\/\/www.zirkusfestival-hueckelhoven.de\/wordpress\/?page_id=477"},"modified":"2021-04-19T00:18:22","modified_gmt":"2021-04-18T22:18:22","slug":"sponsoren-2009","status":"publish","type":"page","link":"https:\/\/www.zirkusfestival-hueckelhoven.de\/wordpress\/fruehere-festivals\/sponsoren-2009\/","title":{"rendered":"Sponsoren 2009"},"content":{"rendered":"<div data-colibri-id=\"477-c1\" class=\"style-446 style-local-477-c1 position-relative\">\n  <!---->\n  <div data-colibri-component=\"section\" data-colibri-id=\"477-c2\" id=\"initial-content\" class=\"h-section h-section-global-spacing d-flex align-items-lg-center align-items-md-center align-items-center style-447 style-local-477-c2 position-relative\">\n    <!---->\n    <!---->\n    <div class=\"h-section-grid-container h-section-boxed-container\">\n      <!---->\n      <div data-colibri-id=\"477-c3\" class=\"h-row-container gutters-row-lg-2 gutters-row-md-2 gutters-row-0 gutters-row-v-lg-2 gutters-row-v-md-2 gutters-row-v-2 style-448 style-local-477-c3 position-relative\">\n        <!---->\n        <div class=\"h-row justify-content-lg-center justify-content-md-center justify-content-center align-items-lg-stretch align-items-md-stretch align-items-stretch gutters-col-lg-2 gutters-col-md-2 gutters-col-0 gutters-col-v-lg-2 gutters-col-v-md-2 gutters-col-v-2\">\n          <!---->\n          <div class=\"h-column h-column-container d-flex h-col-lg-auto h-col-md-auto h-col-auto style-449-outer style-local-477-c4-outer\">\n            <div data-colibri-id=\"477-c4\" class=\"d-flex h-flex-basis h-column__inner h-px-lg-2 h-px-md-2 h-px-2 v-inner-lg-2 v-inner-md-2 v-inner-2 style-449 style-local-477-c4 position-relative\">\n              <!---->\n              <!---->\n              <div class=\"w-100 h-y-container h-column__content h-column__v-align flex-basis-100 align-self-lg-start align-self-md-start align-self-start\">\n                <!---->\n                <div data-colibri-id=\"477-c5\" class=\"style-450 style-local-477-c5 position-relative h-element\">\n                  <!---->\n                  <div>\n                    <ul>\n                      <li>MIT Initiative, Henkel KGaA, D\u00fcsseldorf<\/li>\n                      <li>Volksbank H\u00fcckelhoven-Erkelenz-Wegberg eG<\/li>\n                      <li>Kreiswasserwerk Heinsberg, Wassenberg<\/li>\n                      <li>Hotel Friends, H\u00fcckelhoven<\/li>\n                      <li>Firma Waldhausen, H\u00fcckelhoven<\/li>\n                      <li>Foto Siedler, Kaarst<\/li>\n                      <li>Dentallabor Sander, Erkelenz<\/li>\n                      <li>Apollo Variete, D\u00fcsseldorf<\/li>\n                      <li>West Energie &amp; Verkehr, Erkelenz<\/li>\n                      <li>GOP Variet\u00e9 Essen<\/li>\n                      <li>Kulturamt Wiesbaden<\/li>\n                    <\/ul>\n                  <\/div>\n                <\/div>\n              <\/div>\n            <\/div>\n          <\/div>\n        <\/div>\n      <\/div>\n    <\/div>\n  <\/div>\n  <div data-colibri-component=\"section\" data-colibri-id=\"477-c6\" id=\"custom\" class=\"h-section h-section-global-spacing d-flex align-items-lg-center align-items-md-center align-items-center style-451 style-local-477-c6 position-relative\">\n    <!---->\n    <!---->\n    <div class=\"h-section-grid-container h-section-boxed-container\">\n      <!---->\n      <div data-colibri-id=\"477-c7\" class=\"h-row-container gutters-row-lg-2 gutters-row-md-2 gutters-row-0 gutters-row-v-lg-2 gutters-row-v-md-2 gutters-row-v-2 style-452 style-local-477-c7 position-relative\">\n        <!---->\n        <div class=\"h-row justify-content-lg-center justify-content-md-center justify-content-center align-items-lg-stretch align-items-md-stretch align-items-stretch gutters-col-lg-2 gutters-col-md-2 gutters-col-0 gutters-col-v-lg-2 gutters-col-v-md-2 gutters-col-v-2\">\n          <!---->\n          <div class=\"h-column h-column-container d-flex h-col-lg-auto h-col-md-auto h-col-auto style-453-outer style-local-477-c8-outer\">\n            <div data-colibri-id=\"477-c8\" class=\"d-flex h-flex-basis h-column__inner h-px-lg-2 h-px-md-2 h-px-2 v-inner-lg-2 v-inner-md-2 v-inner-2 style-453 style-local-477-c8 position-relative\">\n              <!---->\n              <!---->\n              <div class=\"w-100 h-y-container h-column__content h-column__v-align flex-basis-100 align-self-lg-start align-self-md-start align-self-start\">\n                <!---->\n                <div data-colibri-id=\"477-c10\" class=\"h-x-container style-455 style-local-477-c10 position-relative h-element\">\n                  <!---->\n                  <div class=\"h-x-container-inner style-dynamic-477-c10-group style-455-spacing style-local-477-c10-spacing\"><span class=\"h-link__outer style-456-outer style-local-477-c11-outer d-inline-flex h-element\"><a h-use-smooth-scroll=\"true\" href=\"http:\/\/www.zirkusfestival-hueckelhoven.de\/wordpress\/index.php\/impressum\/\"  data-colibri-id=\"477-c11\" class=\"d-flex w-100 align-items-center h-link style-456 style-local-477-c11 position-relative\"><!----><!----> <span>Impressum<\/span><\/a>\n                    <\/span>\n                  <\/div>\n                <\/div>\n              <\/div>\n            <\/div>\n          <\/div>\n          <div class=\"h-column h-column-container d-flex h-col-lg-auto h-col-md-auto h-col-auto style-454-outer style-local-477-c9-outer\">\n            <div data-colibri-id=\"477-c9\" class=\"d-flex h-flex-basis h-column__inner h-px-lg-2 h-px-md-2 h-px-2 v-inner-lg-2 v-inner-md-2 v-inner-2 style-454 style-local-477-c9 position-relative\">\n              <!---->\n              <!---->\n              <div class=\"w-100 h-y-container h-column__content h-column__v-align flex-basis-100 align-self-lg-start align-self-md-start align-self-start\">\n                <!---->\n                <div data-colibri-id=\"477-c12\" class=\"h-x-container style-457 style-local-477-c12 position-relative h-element\">\n                  <!---->\n                  <div class=\"h-x-container-inner style-dynamic-477-c12-group style-457-spacing style-local-477-c12-spacing\"><span class=\"h-link__outer style-458-outer style-local-477-c13-outer d-inline-flex h-element\"><a h-use-smooth-scroll=\"true\" href=\"http:\/\/www.zirkusfestival-hueckelhoven.de\/wordpress\/index.php\/datenschutzerklaerung\/\"  data-colibri-id=\"477-c13\" class=\"d-flex w-100 align-items-center h-link style-458 style-local-477-c13 position-relative\"><!----><!----> <span>Datenschutz<\/span><\/a>\n                    <\/span>\n                  <\/div>\n                <\/div>\n              <\/div>\n            <\/div>\n          <\/div>\n        <\/div>\n      <\/div>\n    <\/div>\n  <\/div>\n<\/div>","protected":false},"excerpt":{"rendered":"<p>MIT Initiative, Henkel KGaA, D\u00fcsseldorf Volksbank H\u00fcckelhoven-Erkelenz-Wegberg eG Kreiswasserwerk Heinsberg, Wassenberg Hotel Friends, H\u00fcckelhoven Firma Waldhausen, H\u00fcckelhoven Foto Siedler, Kaarst Dentallabor Sander, Erkelenz Apollo Variete, D\u00fcsseldorf West Energie &amp; Verkehr, Erkelenz GOP Variet\u00e9 Essen Kulturamt Wiesbaden Impressum Datenschutz<\/p>\n","protected":false},"author":3,"featured_media":0,"parent":15,"menu_order":0,"comment_status":"closed","ping_status":"closed","template":"page-templates\/full-width-page.php","meta":{"footnotes":""},"class_list":["post-477","page","type-page","status-publish","hentry"],"_links":{"self":[{"href":"https:\/\/www.zirkusfestival-hueckelhoven.de\/wordpress\/wp-json\/wp\/v2\/pages\/477","targetHints":{"allow":["GET"]}}],"collection":[{"href":"https:\/\/www.zirkusfestival-hueckelhoven.de\/wordpress\/wp-json\/wp\/v2\/pages"}],"about":[{"href":"https:\/\/www.zirkusfestival-hueckelhoven.de\/wordpress\/wp-json\/wp\/v2\/types\/page"}],"author":[{"embeddable":true,"href":"https:\/\/www.zirkusfestival-hueckelhoven.de\/wordpress\/wp-json\/wp\/v2\/users\/3"}],"replies":[{"embeddable":true,"href":"https:\/\/www.zirkusfestival-hueckelhoven.de\/wordpress\/wp-json\/wp\/v2\/comments?post=477"}],"version-history":[{"count":3,"href":"https:\/\/www.zirkusfestival-hueckelhoven.de\/wordpress\/wp-json\/wp\/v2\/pages\/477\/revisions"}],"predecessor-version":[{"id":1061,"href":"https:\/\/www.zirkusfestival-hueckelhoven.de\/wordpress\/wp-json\/wp\/v2\/pages\/477\/revisions\/1061"}],"up":[{"embeddable":true,"href":"https:\/\/www.zirkusfestival-hueckelhoven.de\/wordpress\/wp-json\/wp\/v2\/pages\/15"}],"wp:attachment":[{"href":"https:\/\/www.zirkusfestival-hueckelhoven.de\/wordpress\/wp-json\/wp\/v2\/media?parent=477"}],"curies":[{"name":"wp","href":"https:\/\/api.w.org\/{rel}","templated":true}]}}