{"id":455,"date":"2018-11-15T16:54:48","date_gmt":"2018-11-15T15:54:48","guid":{"rendered":"http:\/\/www.zirkusfestival-hueckelhoven.de\/wordpress\/?page_id=455"},"modified":"2021-04-19T00:35:08","modified_gmt":"2021-04-18T22:35:08","slug":"sponsoren-2013","status":"publish","type":"page","link":"https:\/\/www.zirkusfestival-hueckelhoven.de\/wordpress\/fruehere-festivals\/sponsoren-2013\/","title":{"rendered":"Sponsoren 2013"},"content":{"rendered":"<div data-colibri-id=\"455-c1\" class=\"style-511 style-local-455-c1 position-relative\">\n  <!---->\n  <div data-colibri-component=\"section\" data-colibri-id=\"455-c2\" id=\"initial-content\" class=\"h-section h-section-global-spacing d-flex align-items-lg-center align-items-md-center align-items-center style-512 style-local-455-c2 position-relative\">\n    <!---->\n    <!---->\n    <div class=\"h-section-grid-container h-section-boxed-container\">\n      <!---->\n      <div data-colibri-id=\"455-c3\" class=\"h-row-container gutters-row-lg-2 gutters-row-md-2 gutters-row-0 gutters-row-v-lg-2 gutters-row-v-md-2 gutters-row-v-2 style-513 style-local-455-c3 position-relative\">\n        <!---->\n        <div class=\"h-row justify-content-lg-center justify-content-md-center justify-content-center align-items-lg-stretch align-items-md-stretch align-items-stretch gutters-col-lg-2 gutters-col-md-2 gutters-col-0 gutters-col-v-lg-2 gutters-col-v-md-2 gutters-col-v-2\">\n          <!---->\n          <div class=\"h-column h-column-container d-flex h-col-lg-auto h-col-md-auto h-col-auto style-514-outer style-local-455-c4-outer\">\n            <div data-colibri-id=\"455-c4\" class=\"d-flex h-flex-basis h-column__inner h-px-lg-2 h-px-md-2 h-px-2 v-inner-lg-2 v-inner-md-2 v-inner-2 style-514 style-local-455-c4 position-relative\">\n              <!---->\n              <!---->\n              <div class=\"w-100 h-y-container h-column__content h-column__v-align flex-basis-100 align-self-lg-start align-self-md-start align-self-start\">\n                <!---->\n                <div data-colibri-id=\"455-c5\" class=\"style-515 style-local-455-c5 position-relative h-element\">\n                  <!---->\n                  <div>\n                    <ul>\n                      <li>Barbara Stiftung <\/li>\n                      <li>Hotel Friends, H\u00fcckelhoven <\/li>\n                      <li>Dentallabor Sander und Partner, Erkelenz <\/li>\n                      <li>Historische Spiele Dieter Zander <\/li>\n                      <li>Architekt Greven <\/li>\n                      <li>Foto Siedler, Kaarst <\/li>\n                      <li>Apollo Variet\u00e9, D\u00fcsseldorf <\/li>\n                      <li>GOP Variet\u00e9, Essen <\/li>\n                      <li>NVV <\/li>\n                      <li>Tischlerei Jansen, H\u00fcckelhoven<\/li>\n                      <li>Sanit\u00e4tshaus S. Kuchem, H\u00fcckelhoven <\/li>\n                      <li>McDonalds, Erkelenz <\/li>\n                      <li>Movie Kids, Neuss <\/li>\n                      <li>Pappnase, Hamburg <\/li>\n                      <li>Viktoria Generalagentur Noven, D\u00fcsseldorf <\/li>\n                      <li>European Youth Circus, Wiesbaden <\/li>\n                      <li>Kreiswasserwerk Heinsberg <\/li>\n                      <li>Volksbank Erkelenz-H\u00fcckelhoven-Wegberg eG <\/li>\n                      <li>Dahlke Immobilien AG, H\u00fcckelhoven <\/li>\n                      <li>NEW \/ WestEnergie und Verkehr GmbH, Erkelenz <\/li>\n                      <li>K. Schneider Elektrotechnik, Heiligenhaus <\/li>\n                      <li>Cranetech GmbH, Duisburg <\/li>\n                      <li>Mobile Baustra\u00dfen Ruiter GmbH, Bocholt <\/li>\n                      <li>LTW Verbau, H\u00fcckelhoven-Brachelen <\/li>\n                      <li>Elektrowerke Rockenbach, Krefeld <\/li>\n                      <li>Orthop\u00e4die-Schuhtechnik Ipp-Thora, Erkelenz<\/li>\n                    <\/ul>\n                  <\/div>\n                <\/div>\n              <\/div>\n            <\/div>\n          <\/div>\n        <\/div>\n      <\/div>\n    <\/div>\n  <\/div>\n  <div data-colibri-component=\"section\" data-colibri-id=\"455-c6\" id=\"custom\" class=\"h-section h-section-global-spacing d-flex align-items-lg-center align-items-md-center align-items-center style-516 style-local-455-c6 position-relative\">\n    <!---->\n    <!---->\n    <div class=\"h-section-grid-container h-section-boxed-container\">\n      <!---->\n      <div data-colibri-id=\"455-c7\" class=\"h-row-container gutters-row-lg-2 gutters-row-md-2 gutters-row-0 gutters-row-v-lg-2 gutters-row-v-md-2 gutters-row-v-2 style-517 style-local-455-c7 position-relative\">\n        <!---->\n        <div class=\"h-row justify-content-lg-center justify-content-md-center justify-content-center align-items-lg-stretch align-items-md-stretch align-items-stretch gutters-col-lg-2 gutters-col-md-2 gutters-col-0 gutters-col-v-lg-2 gutters-col-v-md-2 gutters-col-v-2\">\n          <!---->\n          <div class=\"h-column h-column-container d-flex h-col-lg-auto h-col-md-auto h-col-auto style-518-outer style-local-455-c8-outer\">\n            <div data-colibri-id=\"455-c8\" class=\"d-flex h-flex-basis h-column__inner h-px-lg-2 h-px-md-2 h-px-2 v-inner-lg-2 v-inner-md-2 v-inner-2 style-518 style-local-455-c8 position-relative\">\n              <!---->\n              <!---->\n              <div class=\"w-100 h-y-container h-column__content h-column__v-align flex-basis-100 align-self-lg-start align-self-md-start align-self-start\">\n                <!---->\n                <div data-colibri-id=\"455-c10\" class=\"h-x-container style-520 style-local-455-c10 position-relative h-element\">\n                  <!---->\n                  <div class=\"h-x-container-inner style-dynamic-455-c10-group style-520-spacing style-local-455-c10-spacing\"><span class=\"h-link__outer style-521-outer style-local-455-c11-outer d-inline-flex h-element\"><a h-use-smooth-scroll=\"true\" href=\"http:\/\/www.zirkusfestival-hueckelhoven.de\/wordpress\/index.php\/impressum\/\"  data-colibri-id=\"455-c11\" class=\"d-flex w-100 align-items-center h-link style-521 style-local-455-c11 position-relative\"><!----><!----> <span>Impressum<\/span><\/a>\n                    <\/span>\n                  <\/div>\n                <\/div>\n              <\/div>\n            <\/div>\n          <\/div>\n          <div class=\"h-column h-column-container d-flex h-col-lg-auto h-col-md-auto h-col-auto style-519-outer style-local-455-c9-outer\">\n            <div data-colibri-id=\"455-c9\" class=\"d-flex h-flex-basis h-column__inner h-px-lg-2 h-px-md-2 h-px-2 v-inner-lg-2 v-inner-md-2 v-inner-2 style-519 style-local-455-c9 position-relative\">\n              <!---->\n              <!---->\n              <div class=\"w-100 h-y-container h-column__content h-column__v-align flex-basis-100 align-self-lg-start align-self-md-start align-self-start\">\n                <!---->\n                <div data-colibri-id=\"455-c12\" class=\"h-x-container style-522 style-local-455-c12 position-relative h-element\">\n                  <!---->\n                  <div class=\"h-x-container-inner style-dynamic-455-c12-group style-522-spacing style-local-455-c12-spacing\"><span class=\"h-link__outer style-523-outer style-local-455-c13-outer d-inline-flex h-element\"><a h-use-smooth-scroll=\"true\" href=\"http:\/\/www.zirkusfestival-hueckelhoven.de\/wordpress\/index.php\/datenschutzerklaerung\/\"  data-colibri-id=\"455-c13\" class=\"d-flex w-100 align-items-center h-link style-523 style-local-455-c13 position-relative\"><!----><!----> <span>Datenschutz<\/span><\/a>\n                    <\/span>\n                  <\/div>\n                <\/div>\n              <\/div>\n            <\/div>\n          <\/div>\n        <\/div>\n      <\/div>\n    <\/div>\n  <\/div>\n<\/div>","protected":false},"excerpt":{"rendered":"<p>Barbara Stiftung Hotel Friends, H\u00fcckelhoven Dentallabor Sander und Partner, Erkelenz Historische Spiele Dieter Zander Architekt Greven Foto Siedler, Kaarst Apollo Variet\u00e9, D\u00fcsseldorf GOP Variet\u00e9, Essen NVV Tischlerei Jansen, H\u00fcckelhoven Sanit\u00e4tshaus S. Kuchem, H\u00fcckelhoven McDonalds, Erkelenz Movie Kids, Neuss Pappnase, Hamburg Viktoria Generalagentur Noven, D\u00fcsseldorf European Youth Circus, Wiesbaden Kreiswasserwerk Heinsberg Volksbank Erkelenz-H\u00fcckelhoven-Wegberg eG Dahlke Immobilien [&hellip;]<\/p>\n","protected":false},"author":3,"featured_media":0,"parent":15,"menu_order":0,"comment_status":"closed","ping_status":"closed","template":"page-templates\/full-width-page.php","meta":{"footnotes":""},"class_list":["post-455","page","type-page","status-publish","hentry"],"_links":{"self":[{"href":"https:\/\/www.zirkusfestival-hueckelhoven.de\/wordpress\/wp-json\/wp\/v2\/pages\/455","targetHints":{"allow":["GET"]}}],"collection":[{"href":"https:\/\/www.zirkusfestival-hueckelhoven.de\/wordpress\/wp-json\/wp\/v2\/pages"}],"about":[{"href":"https:\/\/www.zirkusfestival-hueckelhoven.de\/wordpress\/wp-json\/wp\/v2\/types\/page"}],"author":[{"embeddable":true,"href":"https:\/\/www.zirkusfestival-hueckelhoven.de\/wordpress\/wp-json\/wp\/v2\/users\/3"}],"replies":[{"embeddable":true,"href":"https:\/\/www.zirkusfestival-hueckelhoven.de\/wordpress\/wp-json\/wp\/v2\/comments?post=455"}],"version-history":[{"count":2,"href":"https:\/\/www.zirkusfestival-hueckelhoven.de\/wordpress\/wp-json\/wp\/v2\/pages\/455\/revisions"}],"predecessor-version":[{"id":1105,"href":"https:\/\/www.zirkusfestival-hueckelhoven.de\/wordpress\/wp-json\/wp\/v2\/pages\/455\/revisions\/1105"}],"up":[{"embeddable":true,"href":"https:\/\/www.zirkusfestival-hueckelhoven.de\/wordpress\/wp-json\/wp\/v2\/pages\/15"}],"wp:attachment":[{"href":"https:\/\/www.zirkusfestival-hueckelhoven.de\/wordpress\/wp-json\/wp\/v2\/media?parent=455"}],"curies":[{"name":"wp","href":"https:\/\/api.w.org\/{rel}","templated":true}]}}