{"id":3311,"date":"2025-05-21T11:36:25","date_gmt":"2025-05-21T09:36:25","guid":{"rendered":"https:\/\/www.zirkusfestival-hueckelhoven.de\/wordpress\/?page_id=3311"},"modified":"2025-10-01T10:20:14","modified_gmt":"2025-10-01T08:20:14","slug":"zirkusfestival-2025","status":"publish","type":"page","link":"https:\/\/www.zirkusfestival-hueckelhoven.de\/wordpress\/zirkusfestival-2025\/","title":{"rendered":"Zirkusfestival 2025"},"content":{"rendered":"<div data-colibri-id=\"3311-c1\" class=\"style-744 style-local-3311-c1 position-relative\">\n  <!---->\n  <div data-colibri-component=\"section\" data-colibri-id=\"3311-c2\" id=\"custom\" class=\"h-section h-section-global-spacing d-flex align-items-lg-center align-items-md-center align-items-center style-745 style-local-3311-c2 position-relative\">\n    <!---->\n    <!---->\n    <div class=\"h-section-grid-container h-section-boxed-container\">\n      <!---->\n      <div data-colibri-id=\"3311-c3\" class=\"h-row-container gutters-row-lg-2 gutters-row-md-2 gutters-row-0 gutters-row-v-lg-2 gutters-row-v-md-2 gutters-row-v-2 style-752 style-local-3311-c3 position-relative\">\n        <!---->\n        <div class=\"h-row justify-content-lg-center justify-content-md-center justify-content-center align-items-lg-stretch align-items-md-stretch align-items-stretch gutters-col-lg-2 gutters-col-md-2 gutters-col-0 gutters-col-v-lg-2 gutters-col-v-md-2 gutters-col-v-2\">\n          <!---->\n          <div class=\"h-column h-column-container d-flex h-col-lg-auto h-col-md-auto h-col-auto style-753-outer style-local-3311-c4-outer\">\n            <div data-colibri-id=\"3311-c4\" class=\"d-flex h-flex-basis h-column__inner h-px-lg-2 h-px-md-2 h-px-2 v-inner-lg-2 v-inner-md-2 v-inner-2 style-753 style-local-3311-c4 position-relative\">\n              <!---->\n              <!---->\n              <div class=\"w-100 h-y-container h-column__content h-column__v-align flex-basis-100 align-self-lg-start align-self-md-start align-self-start\">\n                <!---->\n                <div data-colibri-id=\"3311-c5\" class=\"h-text h-text-component style-754 style-local-3311-c5 position-relative h-element\">\n                  <!---->\n                  <!---->\n                  <div class=\"\">\n                    <h4>Vorl\u00e4ufiges Programm (\u00c4nderungen vorbehalten)\n                      <br>\n                      <br>\n                    <\/h4>\n                    <h5>Dienstag, 07.10.2025 &#8211; 19:00 Uhr<\/h5>\n                    <p>Zirkus Jalapeno, H\u00fcckelhoven (au\u00dferhalb des Wettbewerbs)\n                      <br>\n                      <br>\n                    <\/p>\n                    <h5>Mittwoch, 08.10.2025 &#8211; 11:00 Uhr<\/h5>\n                    <p>Zirkus Butterfly, Wesel\n                      <br>\n                      <br>\n                    <\/p>\n                    <h5>Mittwoch, 08.10.2025 &#8211; 19:00 Uhr<\/h5>\n                    <p>Zirkus Pepperoni, H\u00fcckelhoven\n                      <br>\n                      <br>\n                    <\/p>\n                    <h5>Donnerstag, 09.10.2025 &#8211; 11:00 Uhr<\/h5>\n                    <p>Zirkus Confetti, Villingen\n                      <br>Zirkus Trainingszentrum Fly, Emmendingen\n                      <br>Zirkus Globulini, Pforzheim\n                      <br>Sharm Circus School, Dubai\n                      <br>\n                      <br>\n                    <\/p>\n                    <h5>Donnerstag, 09.10.2025 &#8211; 19:00 Uhr<\/h5>\n                    <p>Circus Academy, Witten\n                      <br>Acrosphere Circus Studios Brockham, UK\n                      <br>Zirkus Adel Lombaggine, Bonn\n                      <br>Aerial Kalira, D\u00fcsseldorf\n                      <br>Jeugdcircus Bombari, Netherlands\n                      <br>Zirkus Cabuwazi, Berlin\n                      <br>Circusschule Jonny Casselly jr., Xanten\n                      <br>Dubai Circus School, Dubai\n                      <br>Zirkus Jaun\u012bba, Latvia\n                      <br>Zirkus Krullemuck, M\u00fcnchen\n                      <br>Zirkus Kr\u00fcmel, Wuppertal\n                      <br>Teatr Chudes, Kasachstan\n                      <br>Zirkus Traumland, Marienheide\n                      <br>FMG M\u00f6nchengladbach\n                      <br>Zirkus Trainingszentrum Fly\n                      <br>\n                      <br>\n                    <\/p>\n                    <h5>Freitag, 10.10.2025 &#8211; 10:00 Uhr<\/h5>\n                    <p>Belissima Polaris, Speyer\n                      <br>Circus Helsinki, Finland\n                      <br>Zirkus Wunderkinder, Wuppertal\n                      <br>\n                      <br>\n                    <\/p>\n                    <h5>Freitag, 10.10.2025 &#8211; 19:00 Uhr<\/h5>\n                    <p>Gala der Gewinner<\/p>\n                    <p>\n                      <br>\n                    <\/p>\n                  <\/div>\n                <\/div>\n              <\/div>\n            <\/div>\n          <\/div>\n        <\/div>\n      <\/div>\n    <\/div>\n  <\/div>\n<\/div>","protected":false},"excerpt":{"rendered":"<p>Vorl\u00e4ufiges Programm (\u00c4nderungen vorbehalten) Dienstag, 07.10.2025 &#8211; 19:00 Uhr Zirkus Jalapeno, H\u00fcckelhoven (au\u00dferhalb des Wettbewerbs) Mittwoch, 08.10.2025 &#8211; 11:00 Uhr Zirkus Butterfly, Wesel Mittwoch, 08.10.2025 &#8211; 19:00 Uhr Zirkus Pepperoni, H\u00fcckelhoven Donnerstag, 09.10.2025 &#8211; 11:00 Uhr Zirkus Confetti, Villingen Zirkus Trainingszentrum Fly, Emmendingen Zirkus Globulini, Pforzheim Sharm Circus School, Dubai Donnerstag, 09.10.2025 &#8211; 19:00 Uhr [&hellip;]<\/p>\n","protected":false},"author":8,"featured_media":0,"parent":0,"menu_order":0,"comment_status":"closed","ping_status":"closed","template":"page-templates\/full-width-page.php","meta":{"footnotes":""},"class_list":["post-3311","page","type-page","status-publish","hentry"],"_links":{"self":[{"href":"https:\/\/www.zirkusfestival-hueckelhoven.de\/wordpress\/wp-json\/wp\/v2\/pages\/3311","targetHints":{"allow":["GET"]}}],"collection":[{"href":"https:\/\/www.zirkusfestival-hueckelhoven.de\/wordpress\/wp-json\/wp\/v2\/pages"}],"about":[{"href":"https:\/\/www.zirkusfestival-hueckelhoven.de\/wordpress\/wp-json\/wp\/v2\/types\/page"}],"author":[{"embeddable":true,"href":"https:\/\/www.zirkusfestival-hueckelhoven.de\/wordpress\/wp-json\/wp\/v2\/users\/8"}],"replies":[{"embeddable":true,"href":"https:\/\/www.zirkusfestival-hueckelhoven.de\/wordpress\/wp-json\/wp\/v2\/comments?post=3311"}],"version-history":[{"count":19,"href":"https:\/\/www.zirkusfestival-hueckelhoven.de\/wordpress\/wp-json\/wp\/v2\/pages\/3311\/revisions"}],"predecessor-version":[{"id":3536,"href":"https:\/\/www.zirkusfestival-hueckelhoven.de\/wordpress\/wp-json\/wp\/v2\/pages\/3311\/revisions\/3536"}],"wp:attachment":[{"href":"https:\/\/www.zirkusfestival-hueckelhoven.de\/wordpress\/wp-json\/wp\/v2\/media?parent=3311"}],"curies":[{"name":"wp","href":"https:\/\/api.w.org\/{rel}","templated":true}]}}