{"id":21,"date":"2015-06-28T10:34:09","date_gmt":"2015-06-28T08:34:09","guid":{"rendered":"http:\/\/www.zirkusfestival-hueckelhoven.de\/wordpress\/?page_id=21"},"modified":"2025-01-18T13:13:45","modified_gmt":"2025-01-18T12:13:45","slug":"verein","status":"publish","type":"page","link":"https:\/\/www.zirkusfestival-hueckelhoven.de\/wordpress\/verein\/","title":{"rendered":"Verein"},"content":{"rendered":"<div data-colibri-id=\"21-c1\" class=\"style-550 style-local-21-c1 position-relative\">\n  <!---->\n  <div data-colibri-component=\"section\" data-colibri-id=\"21-c2\" id=\"initial-content\" class=\"h-section h-section-global-spacing d-flex align-items-lg-center align-items-md-center align-items-center style-551 style-local-21-c2 position-relative\">\n    <!---->\n    <!---->\n    <div class=\"h-section-grid-container h-section-boxed-container\">\n      <!---->\n      <div data-colibri-id=\"21-c3\" class=\"h-row-container gutters-row-lg-2 gutters-row-md-2 gutters-row-0 gutters-row-v-lg-2 gutters-row-v-md-2 gutters-row-v-2 style-552 style-local-21-c3 position-relative\">\n        <!---->\n        <div class=\"h-row justify-content-lg-center justify-content-md-center justify-content-center align-items-lg-stretch align-items-md-stretch align-items-stretch gutters-col-lg-2 gutters-col-md-2 gutters-col-0 gutters-col-v-lg-2 gutters-col-v-md-2 gutters-col-v-2\">\n          <!---->\n          <div class=\"h-column h-column-container d-flex h-col-lg-auto h-col-md-auto h-col-auto style-553-outer style-local-21-c4-outer\">\n            <div data-colibri-id=\"21-c4\" class=\"d-flex h-flex-basis h-column__inner h-px-lg-2 h-px-md-2 h-px-2 v-inner-lg-2 v-inner-md-2 v-inner-2 style-553 style-local-21-c4 position-relative\">\n              <!---->\n              <!---->\n              <div class=\"w-100 h-y-container h-column__content h-column__v-align flex-basis-100 align-self-lg-start align-self-md-start align-self-start\">\n                <!---->\n                <div data-colibri-id=\"21-c5\" class=\"style-554 style-local-21-c5 position-relative h-element\">\n                  <!---->\n                  <div>\n                    <a href=\"http:\/\/www.zirkusfestival-hueckelhoven.de\/wordpress\/wp-content\/uploads\/logo_vhz.jpg\">\n                      <img loading=\"lazy\" decoding=\"async\" class=\" wp-image-72 aligncenter\" src=\"http:\/\/www.zirkusfestival-hueckelhoven.de\/wordpress\/wp-content\/uploads\/logo_vhz-300x208.jpg\" alt=\"logo_vhz\" width=\"242\" height=\"168\">\n                    <\/a>\n\n                    Der im Jahre 2006 gegr\u00fcndete Verein H\u00fcckelhovener Zirkusfreunde e.V. hat sich zum Ziel gesetzt, das H\u00fcckelhovener Zirkusfestival und den Zirkus Pepperoni am Gymnasium ideell und finanziell zu unterst\u00fctzten. Der Vorstand setzt sich zusammen aus dem Vorsitzenden,\n                    David Peters, und den stellvertretenden Vorsitzenden B\u00e4rbel Chudalla und Ulrich Hansen. Der Verein hat am 31.12.2014 17 Mitglieder. Der Mitgliedsbeitrag betr\u00e4gt 12 Euro pro Jahr. Kontakt: Verein H\u00fcckelhovener Zirkusfreunde e.V. E-Mail:\n                    <a href=\"mailto:verein@zirkusfestival-hueckelhoven.de\">verein@zirkusfestival-hueckelhoven.de<\/a>\n\n                    Gesch\u00e4ftsstelle: Linderner Bahn 45, 52511 Geilenkirchen\n                    <h3>Downloads<\/h3>\n                    <a href=\"http:\/\/www.zirkusfestival-hueckelhoven.de\/wordpress\/wp-content\/uploads\/Aufnahmeantrag-VHZ-2018.pdf\" target=\"_blank\" rel=\"noopener noreferrer\">Aufnahmeantrag<\/a>\n                    <h3>Sonntagstraining\n                      <!-- .entry-header -->\n                    <\/h3>\n                    Seit dem 1. Februar 2015 findet ein regelm\u00e4\u00dfiges vereinsseitiges Zirkustraining statt, das sonntags von 18:00 bis 19:30 Uhr in der Turnhalle stattfindet. Das Training ist kostenlos offen f\u00fcr alle Mitglieder des Vereins.<\/div>\n                <\/div>\n              <\/div>\n            <\/div>\n          <\/div>\n        <\/div>\n      <\/div>\n    <\/div>\n  <\/div>\n<\/div>","protected":false},"excerpt":{"rendered":"<p>Der im Jahre 2006 gegr\u00fcndete Verein H\u00fcckelhovener Zirkusfreunde e.V. hat sich zum Ziel gesetzt, das H\u00fcckelhovener Zirkusfestival und den Zirkus Pepperoni am Gymnasium ideell und finanziell zu unterst\u00fctzten. Der Vorstand setzt sich zusammen aus dem Vorsitzenden, David Peters, und den stellvertretenden Vorsitzenden B\u00e4rbel Chudalla und Ulrich Hansen. Der Verein hat am 31.12.2014 17 Mitglieder. Der [&hellip;]<\/p>\n","protected":false},"author":4,"featured_media":0,"parent":0,"menu_order":0,"comment_status":"closed","ping_status":"closed","template":"page-templates\/full-width-page.php","meta":{"footnotes":""},"class_list":["post-21","page","type-page","status-publish","hentry"],"_links":{"self":[{"href":"https:\/\/www.zirkusfestival-hueckelhoven.de\/wordpress\/wp-json\/wp\/v2\/pages\/21","targetHints":{"allow":["GET"]}}],"collection":[{"href":"https:\/\/www.zirkusfestival-hueckelhoven.de\/wordpress\/wp-json\/wp\/v2\/pages"}],"about":[{"href":"https:\/\/www.zirkusfestival-hueckelhoven.de\/wordpress\/wp-json\/wp\/v2\/types\/page"}],"author":[{"embeddable":true,"href":"https:\/\/www.zirkusfestival-hueckelhoven.de\/wordpress\/wp-json\/wp\/v2\/users\/4"}],"replies":[{"embeddable":true,"href":"https:\/\/www.zirkusfestival-hueckelhoven.de\/wordpress\/wp-json\/wp\/v2\/comments?post=21"}],"version-history":[{"count":20,"href":"https:\/\/www.zirkusfestival-hueckelhoven.de\/wordpress\/wp-json\/wp\/v2\/pages\/21\/revisions"}],"predecessor-version":[{"id":3068,"href":"https:\/\/www.zirkusfestival-hueckelhoven.de\/wordpress\/wp-json\/wp\/v2\/pages\/21\/revisions\/3068"}],"wp:attachment":[{"href":"https:\/\/www.zirkusfestival-hueckelhoven.de\/wordpress\/wp-json\/wp\/v2\/media?parent=21"}],"curies":[{"name":"wp","href":"https:\/\/api.w.org\/{rel}","templated":true}]}}