{"id":19,"date":"2015-06-28T10:32:18","date_gmt":"2015-06-28T08:32:18","guid":{"rendered":"http:\/\/www.zirkusfestival-hueckelhoven.de\/wordpress\/?page_id=19"},"modified":"2025-01-20T17:08:06","modified_gmt":"2025-01-20T16:08:06","slug":"kontakt","status":"publish","type":"page","link":"https:\/\/www.zirkusfestival-hueckelhoven.de\/wordpress\/kontakt\/","title":{"rendered":"Kontakt"},"content":{"rendered":"<div data-colibri-id=\"19-c1\" class=\"style-563 style-local-19-c1 position-relative\">\n  <!---->\n  <div data-colibri-component=\"section\" data-colibri-id=\"19-c2\" id=\"initial-content\" class=\"h-section h-section-global-spacing d-flex align-items-lg-center align-items-md-center align-items-center style-564 style-local-19-c2 position-relative\">\n    <!---->\n    <!---->\n    <div class=\"h-section-grid-container h-section-boxed-container\">\n      <!---->\n      <div data-colibri-id=\"19-c3\" class=\"h-row-container gutters-row-lg-2 gutters-row-md-2 gutters-row-0 gutters-row-v-lg-2 gutters-row-v-md-2 gutters-row-v-2 style-565 style-local-19-c3 position-relative\">\n        <!---->\n        <div class=\"h-row justify-content-lg-center justify-content-md-center justify-content-center align-items-lg-stretch align-items-md-stretch align-items-stretch gutters-col-lg-2 gutters-col-md-2 gutters-col-0 gutters-col-v-lg-2 gutters-col-v-md-2 gutters-col-v-2\">\n          <!---->\n          <div class=\"h-column h-column-container d-flex h-col-lg-auto h-col-md-auto h-col-auto style-635-outer style-local-19-c4-outer\">\n            <div data-colibri-id=\"19-c4\" class=\"d-flex h-flex-basis h-column__inner h-px-lg-2 h-px-md-2 h-px-2 v-inner-lg-2 v-inner-md-2 v-inner-2 style-635 style-local-19-c4 position-relative\">\n              <!---->\n              <!---->\n              <div class=\"w-100 h-y-container h-column__content h-column__v-align flex-basis-100 align-self-lg-start align-self-md-start align-self-start\">\n                <!---->\n                <div data-colibri-id=\"19-c5\" class=\"h-text h-text-component style-636 style-local-19-c5 position-relative h-element\">\n                  <!---->\n                  <!---->\n                  <div class=\"\">\n                    <p><span style=\"color: rgb(105, 108, 119); font-family: &quot;Open Sans&quot;; font-size: 16px; font-weight: 400;\">Sie ben\u00f6tigen weitere Informationen? Sie sind an einem Sponsoring interessiert? Sie m\u00f6chten das H\u00fcckelhovener Zirkusfestival unterst\u00fctzen?<\/span><\/p>\n                    <p><strong style=\"color: rgb(105, 108, 119); font-family: &quot;Open Sans&quot;; font-size: 16px;\">\ufeffDann nehmen Sie bitte mit uns Kontakt auf!<\/strong><span style=\"color: rgb(105, 108, 119); font-family: &quot;Open Sans&quot;; font-size: 16px; font-weight: 400;\">&nbsp;<\/span><\/p>\n                    <p><strong style=\"color: rgb(105, 108, 119); font-family: &quot;Open Sans&quot;; font-size: 16px;\">Postadresse:<\/strong><span style=\"color: rgb(105, 108, 119); font-family: &quot;Open Sans&quot;; font-size: 16px; font-weight: 400;\">&nbsp;<\/span><\/p>\n                    <p><span style=\"font-weight: 400; font-size: 16px; font-family: &quot;Open Sans&quot;; color: rgb(105, 108, 119);\">Gymnasium H\u00fcckelhoven, z. Hd. Frau Bianca Schiff<\/span><\/p>\n                    <p><span style=\"font-weight: 400; font-size: 16px; font-family: &quot;Open Sans&quot;; color: rgb(105, 108, 119);\">Hartlepooler Platz<\/span><\/p>\n                    <p><span style=\"font-weight: 400; font-size: 16px; font-family: &quot;Open Sans&quot;; color: rgb(105, 108, 119);\">41836 H\u00fcckelhoven&nbsp;<\/span><\/p>\n                    <p><strong style=\"font-size: 16px; font-family: &quot;Open Sans&quot;; color: rgb(105, 108, 119);\">Telefon:<\/strong><span style=\"font-size: 16px; font-family: &quot;Open Sans&quot;; color: rgb(105, 108, 119); font-weight: 400;\">&nbsp;0 24 33 \/ 44 60 530&nbsp;<\/span><\/p>\n                    <p><strong style=\"font-size: 16px; font-family: &quot;Open Sans&quot;; color: rgb(105, 108, 119);\">E-Mail:<\/strong><span style=\"font-size: 16px; font-family: &quot;Open Sans&quot;; color: rgb(105, 108, 119); font-weight: 400;\">&nbsp;<\/span>\n                      <a\n                        href=\"mailto:11.zirkusfestival@zirkusfestival-hueckelhoven.de\" style=\"font-size: 1em; font-family: &quot;Open Sans&quot;; color: rgb(0, 102, 204); font-weight: 400;\">11.zirkusfestival@zirkusfestival-hueckelhoven.de<\/a>\n                    <\/p>\n                  <\/div>\n                <\/div>\n              <\/div>\n            <\/div>\n          <\/div>\n        <\/div>\n      <\/div>\n    <\/div>\n  <\/div>\n<\/div>","protected":false},"excerpt":{"rendered":"<p>Sie ben\u00f6tigen weitere Informationen? Sie sind an einem Sponsoring interessiert? Sie m\u00f6chten das H\u00fcckelhovener Zirkusfestival unterst\u00fctzen? \ufeffDann nehmen Sie bitte mit uns Kontakt auf!&nbsp; Postadresse:&nbsp; Gymnasium H\u00fcckelhoven, z. Hd. Frau Bianca Schiff Hartlepooler Platz 41836 H\u00fcckelhoven&nbsp; Telefon:&nbsp;0 24 33 \/ 44 60 530&nbsp; E-Mail:&nbsp; 11.zirkusfestival@zirkusfestival-hueckelhoven.de<\/p>\n","protected":false},"author":4,"featured_media":0,"parent":0,"menu_order":0,"comment_status":"closed","ping_status":"closed","template":"page-templates\/full-width-page.php","meta":{"footnotes":""},"class_list":["post-19","page","type-page","status-publish","hentry"],"_links":{"self":[{"href":"https:\/\/www.zirkusfestival-hueckelhoven.de\/wordpress\/wp-json\/wp\/v2\/pages\/19","targetHints":{"allow":["GET"]}}],"collection":[{"href":"https:\/\/www.zirkusfestival-hueckelhoven.de\/wordpress\/wp-json\/wp\/v2\/pages"}],"about":[{"href":"https:\/\/www.zirkusfestival-hueckelhoven.de\/wordpress\/wp-json\/wp\/v2\/types\/page"}],"author":[{"embeddable":true,"href":"https:\/\/www.zirkusfestival-hueckelhoven.de\/wordpress\/wp-json\/wp\/v2\/users\/4"}],"replies":[{"embeddable":true,"href":"https:\/\/www.zirkusfestival-hueckelhoven.de\/wordpress\/wp-json\/wp\/v2\/comments?post=19"}],"version-history":[{"count":14,"href":"https:\/\/www.zirkusfestival-hueckelhoven.de\/wordpress\/wp-json\/wp\/v2\/pages\/19\/revisions"}],"predecessor-version":[{"id":3259,"href":"https:\/\/www.zirkusfestival-hueckelhoven.de\/wordpress\/wp-json\/wp\/v2\/pages\/19\/revisions\/3259"}],"wp:attachment":[{"href":"https:\/\/www.zirkusfestival-hueckelhoven.de\/wordpress\/wp-json\/wp\/v2\/media?parent=19"}],"curies":[{"name":"wp","href":"https:\/\/api.w.org\/{rel}","templated":true}]}}