{"id":17,"date":"2015-06-28T10:31:52","date_gmt":"2015-06-28T08:31:52","guid":{"rendered":"http:\/\/www.zirkusfestival-hueckelhoven.de\/wordpress\/?page_id=17"},"modified":"2021-04-19T00:06:42","modified_gmt":"2021-04-18T22:06:42","slug":"sponsoren","status":"publish","type":"page","link":"https:\/\/www.zirkusfestival-hueckelhoven.de\/wordpress\/sponsoren\/","title":{"rendered":"Sponsoren 2019"},"content":{"rendered":"<div data-colibri-id=\"17-c1\" class=\"style-381 style-local-17-c1 position-relative\">\n  <!---->\n  <div data-colibri-component=\"section\" data-colibri-id=\"17-c2\" id=\"initial-content\" class=\"h-section h-section-global-spacing d-flex align-items-lg-center align-items-md-center align-items-center style-382 style-local-17-c2 position-relative\">\n    <!---->\n    <!---->\n    <div class=\"h-section-grid-container h-section-boxed-container\">\n      <!---->\n      <div data-colibri-id=\"17-c3\" class=\"h-row-container gutters-row-lg-2 gutters-row-md-2 gutters-row-0 gutters-row-v-lg-2 gutters-row-v-md-2 gutters-row-v-2 style-383 style-local-17-c3 position-relative\">\n        <!---->\n        <div class=\"h-row justify-content-lg-center justify-content-md-center justify-content-center align-items-lg-stretch align-items-md-stretch align-items-stretch gutters-col-lg-2 gutters-col-md-2 gutters-col-0 gutters-col-v-lg-2 gutters-col-v-md-2 gutters-col-v-2\">\n          <!---->\n          <div class=\"h-column h-column-container d-flex h-col-lg-auto h-col-md-auto h-col-auto style-384-outer style-local-17-c4-outer\">\n            <div data-colibri-id=\"17-c4\" class=\"d-flex h-flex-basis h-column__inner h-px-lg-2 h-px-md-2 h-px-2 v-inner-lg-2 v-inner-md-2 v-inner-2 style-384 style-local-17-c4 position-relative\">\n              <!---->\n              <!---->\n              <div class=\"w-100 h-y-container h-column__content h-column__v-align flex-basis-100 align-self-lg-start align-self-md-start align-self-start\">\n                <!---->\n                <div data-colibri-id=\"17-c5\" class=\"style-385 style-local-17-c5 position-relative h-element\">\n                  <!---->\n                  <div>\n                    <p>Wir bedanken uns herzlich bei unseren Sponsoren des&nbsp;H\u00fcckelhovener Zirkusfestival 2019 f\u00fcr ihre Unterst\u00fctzung:<\/p>\n                    <ul>\n                      <li>\n                        <a href=\"https:\/\/www.roeher-parkklinik.de\/\" target=\"_blank\" rel=\"noopener noreferrer\">R\u00f6her Parkklinik, Eschweiler<\/a>\n                      <\/li>\n                      <li>\n                        <a href=\"https:\/\/www.wep-h.de\/\" target=\"_blank\" rel=\"noopener noreferrer\">WEP W\u00e4rme-, Energie- und Prozesstechnik GmbH, H\u00fcckelhoven<\/a>\n                      <\/li>\n                      <li>\n                        <a href=\"https:\/\/www.new.de\/\" target=\"_blank\" rel=\"noopener noreferrer\">NEW<\/a>\n                      <\/li>\n                      <li>\n                        <a href=\"https:\/\/www.hotelfriends.de\/hueckelhoven\" target=\"_blank\" rel=\"noopener noreferrer\">Hotel Friends<\/a>\n                      <\/li>\n                      <li>\n                        <a href=\"https:\/\/www.codarts.nl\/\" target=\"_blank\" rel=\"noopener noreferrer\">Cordarts Academy of Circus Arts, Rotterdam<\/a>\n                      <\/li>\n                      <li>\n                        <a href=\"https:\/\/www.variete.de\/spielorte\/essen\/\" target=\"_blank\" rel=\"noopener noreferrer\">GOP Variet\u00e9 Essen<\/a>\n                      <\/li>\n                      <li>\n                        <a href=\"https:\/\/weihnachtscircus-aachen.eu\/\" target=\"_blank\" rel=\"noopener noreferrer\">Grandezza Entertainment, Essen<\/a>\n                      <\/li>\n                      <li>\n                        <a href=\"https:\/\/urbanatix.de\/\" target=\"_blank\" rel=\"noopener noreferrer\">Urbanatix, Bochum<\/a>\n                      <\/li>\n                      <li>\n                        <a href=\"http:\/\/clr-logistic.de\/\" target=\"_blank\" rel=\"noopener noreferrer\">CLR Logistic Krefeld<\/a>\n                      <\/li>\n                      <li>\n                        <a href=\"https:\/\/www.praxis-lenz.de\/\" target=\"_blank\" rel=\"noopener noreferrer\">Zahnarztpraxis Lenz<\/a>\n                      <\/li>\n                      <li>\n                        <a href=\"https:\/\/www.thw-hueckelhoven.de\/jugend\/\" target=\"_blank\" rel=\"noopener noreferrer\">Jugendabteilung des THW Ortsverband H\u00fcckelhoven<\/a>\n                      <\/li>\n                      <li>\n                        <a href=\"https:\/\/www.turnmatte.com\" target=\"_blank\" rel=\"noopener noreferrer\">Turnmatte.com<\/a>\n                      <\/li>\n                      <li>\n                        <a href=\"http:\/\/www.voba-mg.de\">Volksbank M\u00f6nchengladbach<\/a>\n                      <\/li>\n                      <li>\n                        <a href=\"http:\/\/www.kreiswasserwerk.de\">Kreiswasserwerk Heinsberg<\/a>\n                      <\/li>\n                      <li>\n                        <a href=\"https:\/\/www.st-barbaraapotheke.de\/\" target=\"_blank\" rel=\"noopener noreferrer\">St. Barbara Apotheke H\u00fcckelhoven<\/a>\n                      <\/li>\n                      <li>\n                        <a href=\"http:\/\/www.heinsberg.rotary.de\">Rotary Club Heinsberg<\/a>\n                      <\/li>\n                      <li>\n                        <a href=\"https:\/\/www.lf-ingenieurbau.de\/\">Living future Ingenenieurbau<\/a>\n                      <\/li>\n                      <li>\n                        <a href=\"http:\/\/W.M. Jansen &amp; Sohn GmbH &amp; Co. KG  Rheinstra\u00dfe 2C, 41836 H\u00fcckelhoven 02433 41041  https:\/\/g.co\/kgs\/orN4kX\" data-wplink-url-error=\"true\">Holzbau Jansen H\u00fcckelhoven<\/a>\n                      <\/li>\n                      <li>\n                        <a href=\"https:\/\/casselly.de\/\">Circus Jonny Casselly<\/a>\n                      <\/li>\n                      <li>\n                        <a href=\"https:\/\/www.flicflac.de\/?gclid=Cj0KCQjw-b7qBRDPARIsADVbUbWxSTzmelJ8JPQfZ2hm6R35FcHlKFUd3kZFhQDklQciIDF0UiQWlAkaAlbIEALw_wcB\">Circus Flic Flac<\/a>\n                      <\/li>\n                      <li>\n                        <a href=\"https:\/\/www.lagzirkusnrw.de\/\">LAG Zirkusp\u00e4dagogik NRW<\/a>\n                      <\/li>\n                      <li>\n                        <a href=\"https:\/\/www.jonnycasselly.de\/\">Circus Jonny Casselly Jr.<\/a>\n                      <\/li>\n                      <li>\n                        <a href=\"http:\/\/artistenschule-berlin.de\/\">Staatliche Artistenschule Berlin<\/a>\n                      <\/li>\n                      <li>\n                        <a href=\"https:\/\/www.wiesbaden.de\/vv\/oe\/03\/41\/141010100000005686.php\">Kulturamt Wiesbaden<\/a>\n                      <\/li>\n                      <li>\n                        <a href=\"https:\/\/www.circartive.de\/\">CircArtive<\/a>\n                      <\/li>\n                      <li>\n                        <a href=\"https:\/\/fontys.edu\/Bachelors-masters\/Bachelors\/Circus-and-Performance-Art.htm\">Fontys Academy of Circus and Performance Art<\/a>\n                      <\/li>\n                      <li>\n                        <a href=\"http:\/\/Circartiveschool.de\">CircArtive School<\/a>\n                      <\/li>\n                    <\/ul>\n                    <p>\n                      <!--more-->\n                    <\/p>\n                    <p>\n                      <!--more-->\n                    <\/p>\n\n                    \n                    <p><\/p>\n                    \n                  <\/div>\n                <\/div>\n              <\/div>\n            <\/div>\n          <\/div>\n        <\/div>\n      <\/div>\n    <\/div>\n  <\/div>\n  <div data-colibri-component=\"section\" data-colibri-id=\"17-c6\" id=\"custom\" class=\"h-section h-section-global-spacing d-flex align-items-lg-center align-items-md-center align-items-center style-386 style-local-17-c6 position-relative\">\n    <!---->\n    <!---->\n    <div class=\"h-section-grid-container h-section-boxed-container\">\n      <!---->\n      <div data-colibri-id=\"17-c7\" class=\"h-row-container gutters-row-lg-2 gutters-row-md-2 gutters-row-0 gutters-row-v-lg-2 gutters-row-v-md-2 gutters-row-v-2 style-387 style-local-17-c7 position-relative\">\n        <!---->\n        <div class=\"h-row justify-content-lg-center justify-content-md-center justify-content-center align-items-lg-stretch align-items-md-stretch align-items-stretch gutters-col-lg-2 gutters-col-md-2 gutters-col-0 gutters-col-v-lg-2 gutters-col-v-md-2 gutters-col-v-2\">\n          <!---->\n          <div class=\"h-column h-column-container d-flex h-col-lg-auto h-col-md-auto h-col-auto style-388-outer style-local-17-c8-outer\">\n            <div data-colibri-id=\"17-c8\" class=\"d-flex h-flex-basis h-column__inner h-px-lg-2 h-px-md-2 h-px-2 v-inner-lg-2 v-inner-md-2 v-inner-2 style-388 style-local-17-c8 position-relative\">\n              <!---->\n              <!---->\n              <div class=\"w-100 h-y-container h-column__content h-column__v-align flex-basis-100 align-self-lg-start align-self-md-start align-self-start\">\n                <!---->\n                <div data-colibri-id=\"17-c10\" class=\"h-x-container style-390 style-local-17-c10 position-relative h-element\">\n                  <!---->\n                  <div class=\"h-x-container-inner style-dynamic-17-c10-group style-390-spacing style-local-17-c10-spacing\"><span class=\"h-link__outer style-391-outer style-local-17-c11-outer d-inline-flex h-element\"><a h-use-smooth-scroll=\"true\" href=\"http:\/\/www.zirkusfestival-hueckelhoven.de\/wordpress\/index.php\/impressum\/\"  data-colibri-id=\"17-c11\" class=\"d-flex w-100 align-items-center h-link style-391 style-local-17-c11 position-relative\"><!----><!----> <span>Impressum<\/span><\/a>\n                    <\/span>\n                  <\/div>\n                <\/div>\n              <\/div>\n            <\/div>\n          <\/div>\n          <div class=\"h-column h-column-container d-flex h-col-lg-auto h-col-md-auto h-col-auto style-389-outer style-local-17-c9-outer\">\n            <div data-colibri-id=\"17-c9\" class=\"d-flex h-flex-basis h-column__inner h-px-lg-2 h-px-md-2 h-px-2 v-inner-lg-2 v-inner-md-2 v-inner-2 style-389 style-local-17-c9 position-relative\">\n              <!---->\n              <!---->\n              <div class=\"w-100 h-y-container h-column__content h-column__v-align flex-basis-100 align-self-lg-start align-self-md-start align-self-start\">\n                <!---->\n                <div data-colibri-id=\"17-c12\" class=\"h-x-container style-392 style-local-17-c12 position-relative h-element\">\n                  <!---->\n                  <div class=\"h-x-container-inner style-dynamic-17-c12-group style-392-spacing style-local-17-c12-spacing\"><span class=\"h-link__outer style-393-outer style-local-17-c13-outer d-inline-flex h-element\"><a h-use-smooth-scroll=\"true\" href=\"http:\/\/www.zirkusfestival-hueckelhoven.de\/wordpress\/index.php\/datenschutzerklaerung\/\"  data-colibri-id=\"17-c13\" class=\"d-flex w-100 align-items-center h-link style-393 style-local-17-c13 position-relative\"><!----><!----> <span>Datenschutz<\/span><\/a>\n                    <\/span>\n                  <\/div>\n                <\/div>\n              <\/div>\n            <\/div>\n          <\/div>\n        <\/div>\n      <\/div>\n    <\/div>\n  <\/div>\n<\/div>","protected":false},"excerpt":{"rendered":"<p>Wir bedanken uns herzlich bei unseren Sponsoren des&nbsp;H\u00fcckelhovener Zirkusfestival 2019 f\u00fcr ihre Unterst\u00fctzung: R\u00f6her Parkklinik, Eschweiler WEP W\u00e4rme-, Energie- und Prozesstechnik GmbH, H\u00fcckelhoven NEW Hotel Friends Cordarts Academy of Circus Arts, Rotterdam GOP Variet\u00e9 Essen Grandezza Entertainment, Essen Urbanatix, Bochum CLR Logistic Krefeld Zahnarztpraxis Lenz Jugendabteilung des THW Ortsverband H\u00fcckelhoven Turnmatte.com Volksbank M\u00f6nchengladbach Kreiswasserwerk Heinsberg [&hellip;]<\/p>\n","protected":false},"author":4,"featured_media":0,"parent":0,"menu_order":0,"comment_status":"closed","ping_status":"closed","template":"page-templates\/full-width-page.php","meta":{"footnotes":""},"class_list":["post-17","page","type-page","status-publish","hentry"],"_links":{"self":[{"href":"https:\/\/www.zirkusfestival-hueckelhoven.de\/wordpress\/wp-json\/wp\/v2\/pages\/17","targetHints":{"allow":["GET"]}}],"collection":[{"href":"https:\/\/www.zirkusfestival-hueckelhoven.de\/wordpress\/wp-json\/wp\/v2\/pages"}],"about":[{"href":"https:\/\/www.zirkusfestival-hueckelhoven.de\/wordpress\/wp-json\/wp\/v2\/types\/page"}],"author":[{"embeddable":true,"href":"https:\/\/www.zirkusfestival-hueckelhoven.de\/wordpress\/wp-json\/wp\/v2\/users\/4"}],"replies":[{"embeddable":true,"href":"https:\/\/www.zirkusfestival-hueckelhoven.de\/wordpress\/wp-json\/wp\/v2\/comments?post=17"}],"version-history":[{"count":20,"href":"https:\/\/www.zirkusfestival-hueckelhoven.de\/wordpress\/wp-json\/wp\/v2\/pages\/17\/revisions"}],"predecessor-version":[{"id":1012,"href":"https:\/\/www.zirkusfestival-hueckelhoven.de\/wordpress\/wp-json\/wp\/v2\/pages\/17\/revisions\/1012"}],"wp:attachment":[{"href":"https:\/\/www.zirkusfestival-hueckelhoven.de\/wordpress\/wp-json\/wp\/v2\/media?parent=17"}],"curies":[{"name":"wp","href":"https:\/\/api.w.org\/{rel}","templated":true}]}}