{"id":163,"date":"2016-11-23T06:48:40","date_gmt":"2016-11-23T05:48:40","guid":{"rendered":"http:\/\/www.zirkusfestival-hueckelhoven.de\/wordpress\/?page_id=163"},"modified":"2021-04-19T00:12:29","modified_gmt":"2021-04-18T22:12:29","slug":"2017-2","status":"publish","type":"page","link":"https:\/\/www.zirkusfestival-hueckelhoven.de\/wordpress\/fruehere-festivals\/2017-2\/","title":{"rendered":"Sponsoren 2017"},"content":{"rendered":"<div data-colibri-id=\"163-c1\" class=\"style-407 style-local-163-c1 position-relative\">\n  <!---->\n  <div data-colibri-component=\"section\" data-colibri-id=\"163-c2\" id=\"initial-content\" class=\"h-section h-section-global-spacing d-flex align-items-lg-center align-items-md-center align-items-center style-408 style-local-163-c2 position-relative\">\n    <!---->\n    <!---->\n    <div class=\"h-section-grid-container h-section-boxed-container\">\n      <!---->\n      <div data-colibri-id=\"163-c3\" class=\"h-row-container gutters-row-lg-2 gutters-row-md-2 gutters-row-0 gutters-row-v-lg-2 gutters-row-v-md-2 gutters-row-v-2 style-409 style-local-163-c3 position-relative\">\n        <!---->\n        <div class=\"h-row justify-content-lg-center justify-content-md-center justify-content-center align-items-lg-stretch align-items-md-stretch align-items-stretch gutters-col-lg-2 gutters-col-md-2 gutters-col-0 gutters-col-v-lg-2 gutters-col-v-md-2 gutters-col-v-2\">\n          <!---->\n          <div class=\"h-column h-column-container d-flex h-col-lg-auto h-col-md-auto h-col-auto style-410-outer style-local-163-c4-outer\">\n            <div data-colibri-id=\"163-c4\" class=\"d-flex h-flex-basis h-column__inner h-px-lg-2 h-px-md-2 h-px-2 v-inner-lg-2 v-inner-md-2 v-inner-2 style-410 style-local-163-c4 position-relative\">\n              <!---->\n              <!---->\n              <div class=\"w-100 h-y-container h-column__content h-column__v-align flex-basis-100 align-self-lg-start align-self-md-start align-self-start\">\n                <!---->\n                <div data-colibri-id=\"163-c5\" class=\"style-411 style-local-163-c5 position-relative h-element\">\n                  <!---->\n                  <div>\n                    <ul>\n                      <li>R\u00f6her Parkklinik, Eschweiler<\/li>\n                      <li>Dentallabor Sander<\/li>\n                      <li>Volksbank Erkelenz<\/li>\n                      <li>Autohaus Hanisch<\/li>\n                      <li>Kreiswasserwerk<\/li>\n                      <li>Tischlerei Jansen<\/li>\n                      <li>Hotel Friends<\/li>\n                      <li>Fliesen Max, Heinsberg<\/li>\n                      <li>Circus Flic Flac<\/li>\n                      <li>Apollo Variet\u00e9 D\u00fcsseldorf<\/li>\n                      <li>Variet\u00e9 Etcetera, Bochum<\/li>\n                      <li>Circus Jonny Casselly jr.<\/li>\n                      <li>Urbanatix<\/li>\n                      <li>Fontys Academy for Circus and Performance Arts, Tilburg<\/li>\n                      <li>Codarts Academy of Circus Arts, Rotterdam<\/li>\n                      <li>Kulturamt Wiesbaden<\/li>\n                      <li>Galerie Schageshof<\/li>\n                      <li>WEP H\u00fcckelhoven<\/li>\n                      <li>NEW<\/li>\n                      <li>Apollo Variet\u00e9 D\u00fcsseldorf<\/li>\n                      <li>Grandezza Entertainment Essen<\/li>\n                      <li>LG<\/li>\n                      <li>Ingenieurb\u00fcro Tetz, H\u00fcckelhoven<\/li>\n                      <li>Wep W\u00e4rme-, Energie- und Prozesstechnik GmbH, H\u00fcckelhoven<\/li>\n                      <li>Classen Baufachhandel, H\u00fcckelhoven<\/li>\n                      <li>St. Gereon Seniorendienste<\/li>\n                      <li>Urbanatix Bochum<\/li>\n                      <li>St. Gereon Seniorendienste<\/li>\n                      <li>SB Frischemarkt Heinsberg GmbH<\/li>\n                      <li>Edeka Gossens<\/li>\n                      <li>Metzgerei Rible<\/li>\n                      <li>Kaufland<\/li>\n                      <li>Ballaballa<\/li>\n                      <li>Subway<\/li>\n                      <li>Wilhelm Schibbe<\/li>\n                    <\/ul>\n                  <\/div>\n                <\/div>\n              <\/div>\n            <\/div>\n          <\/div>\n        <\/div>\n      <\/div>\n    <\/div>\n  <\/div>\n  <div data-colibri-component=\"section\" data-colibri-id=\"163-c6\" id=\"custom\" class=\"h-section h-section-global-spacing d-flex align-items-lg-center align-items-md-center align-items-center style-412 style-local-163-c6 position-relative\">\n    <!---->\n    <!---->\n    <div class=\"h-section-grid-container h-section-boxed-container\">\n      <!---->\n      <div data-colibri-id=\"163-c7\" class=\"h-row-container gutters-row-lg-2 gutters-row-md-2 gutters-row-0 gutters-row-v-lg-2 gutters-row-v-md-2 gutters-row-v-2 style-413 style-local-163-c7 position-relative\">\n        <!---->\n        <div class=\"h-row justify-content-lg-center justify-content-md-center justify-content-center align-items-lg-stretch align-items-md-stretch align-items-stretch gutters-col-lg-2 gutters-col-md-2 gutters-col-0 gutters-col-v-lg-2 gutters-col-v-md-2 gutters-col-v-2\">\n          <!---->\n          <div class=\"h-column h-column-container d-flex h-col-lg-auto h-col-md-auto h-col-auto style-414-outer style-local-163-c8-outer\">\n            <div data-colibri-id=\"163-c8\" class=\"d-flex h-flex-basis h-column__inner h-px-lg-2 h-px-md-2 h-px-2 v-inner-lg-2 v-inner-md-2 v-inner-2 style-414 style-local-163-c8 position-relative\">\n              <!---->\n              <!---->\n              <div class=\"w-100 h-y-container h-column__content h-column__v-align flex-basis-100 align-self-lg-start align-self-md-start align-self-start\">\n                <!---->\n                <div data-colibri-id=\"163-c10\" class=\"h-x-container style-416 style-local-163-c10 position-relative h-element\">\n                  <!---->\n                  <div class=\"h-x-container-inner style-dynamic-163-c10-group style-416-spacing style-local-163-c10-spacing\"><span class=\"h-link__outer style-417-outer style-local-163-c11-outer d-inline-flex h-element\"><a h-use-smooth-scroll=\"true\" href=\"http:\/\/www.zirkusfestival-hueckelhoven.de\/wordpress\/index.php\/impressum\/\"  data-colibri-id=\"163-c11\" class=\"d-flex w-100 align-items-center h-link style-417 style-local-163-c11 position-relative\"><!----><!----> <span>Impressum<\/span><\/a>\n                    <\/span>\n                  <\/div>\n                <\/div>\n              <\/div>\n            <\/div>\n          <\/div>\n          <div class=\"h-column h-column-container d-flex h-col-lg-auto h-col-md-auto h-col-auto style-415-outer style-local-163-c9-outer\">\n            <div data-colibri-id=\"163-c9\" class=\"d-flex h-flex-basis h-column__inner h-px-lg-2 h-px-md-2 h-px-2 v-inner-lg-2 v-inner-md-2 v-inner-2 style-415 style-local-163-c9 position-relative\">\n              <!---->\n              <!---->\n              <div class=\"w-100 h-y-container h-column__content h-column__v-align flex-basis-100 align-self-lg-start align-self-md-start align-self-start\">\n                <!---->\n                <div data-colibri-id=\"163-c12\" class=\"h-x-container style-418 style-local-163-c12 position-relative h-element\">\n                  <!---->\n                  <div class=\"h-x-container-inner style-dynamic-163-c12-group style-418-spacing style-local-163-c12-spacing\"><span class=\"h-link__outer style-419-outer style-local-163-c13-outer d-inline-flex h-element\"><a h-use-smooth-scroll=\"true\" href=\"http:\/\/www.zirkusfestival-hueckelhoven.de\/wordpress\/index.php\/datenschutzerklaerung\/\"  data-colibri-id=\"163-c13\" class=\"d-flex w-100 align-items-center h-link style-419 style-local-163-c13 position-relative\"><!----><!----> <span>Datenschutz<\/span><\/a>\n                    <\/span>\n                  <\/div>\n                <\/div>\n              <\/div>\n            <\/div>\n          <\/div>\n        <\/div>\n      <\/div>\n    <\/div>\n  <\/div>\n<\/div>","protected":false},"excerpt":{"rendered":"<p>R\u00f6her Parkklinik, Eschweiler Dentallabor Sander Volksbank Erkelenz Autohaus Hanisch Kreiswasserwerk Tischlerei Jansen Hotel Friends Fliesen Max, Heinsberg Circus Flic Flac Apollo Variet\u00e9 D\u00fcsseldorf Variet\u00e9 Etcetera, Bochum Circus Jonny Casselly jr. Urbanatix Fontys Academy for Circus and Performance Arts, Tilburg Codarts Academy of Circus Arts, Rotterdam Kulturamt Wiesbaden Galerie Schageshof WEP H\u00fcckelhoven NEW Apollo Variet\u00e9 D\u00fcsseldorf [&hellip;]<\/p>\n","protected":false},"author":4,"featured_media":0,"parent":15,"menu_order":0,"comment_status":"closed","ping_status":"closed","template":"page-templates\/full-width-page.php","meta":{"footnotes":""},"class_list":["post-163","page","type-page","status-publish","hentry"],"_links":{"self":[{"href":"https:\/\/www.zirkusfestival-hueckelhoven.de\/wordpress\/wp-json\/wp\/v2\/pages\/163","targetHints":{"allow":["GET"]}}],"collection":[{"href":"https:\/\/www.zirkusfestival-hueckelhoven.de\/wordpress\/wp-json\/wp\/v2\/pages"}],"about":[{"href":"https:\/\/www.zirkusfestival-hueckelhoven.de\/wordpress\/wp-json\/wp\/v2\/types\/page"}],"author":[{"embeddable":true,"href":"https:\/\/www.zirkusfestival-hueckelhoven.de\/wordpress\/wp-json\/wp\/v2\/users\/4"}],"replies":[{"embeddable":true,"href":"https:\/\/www.zirkusfestival-hueckelhoven.de\/wordpress\/wp-json\/wp\/v2\/comments?post=163"}],"version-history":[{"count":19,"href":"https:\/\/www.zirkusfestival-hueckelhoven.de\/wordpress\/wp-json\/wp\/v2\/pages\/163\/revisions"}],"predecessor-version":[{"id":1033,"href":"https:\/\/www.zirkusfestival-hueckelhoven.de\/wordpress\/wp-json\/wp\/v2\/pages\/163\/revisions\/1033"}],"up":[{"embeddable":true,"href":"https:\/\/www.zirkusfestival-hueckelhoven.de\/wordpress\/wp-json\/wp\/v2\/pages\/15"}],"wp:attachment":[{"href":"https:\/\/www.zirkusfestival-hueckelhoven.de\/wordpress\/wp-json\/wp\/v2\/media?parent=163"}],"curies":[{"name":"wp","href":"https:\/\/api.w.org\/{rel}","templated":true}]}}