{"id":161,"date":"2016-11-23T06:48:23","date_gmt":"2016-11-23T05:48:23","guid":{"rendered":"http:\/\/www.zirkusfestival-hueckelhoven.de\/wordpress\/?page_id=161"},"modified":"2021-04-19T00:26:31","modified_gmt":"2021-04-18T22:26:31","slug":"2015-2","status":"publish","type":"page","link":"https:\/\/www.zirkusfestival-hueckelhoven.de\/wordpress\/fruehere-festivals\/2015-2\/","title":{"rendered":"Sponsoren 2015"},"content":{"rendered":"<div data-colibri-id=\"161-c1\" class=\"style-472 style-local-161-c1 position-relative\">\n  <!---->\n  <div data-colibri-component=\"section\" data-colibri-id=\"161-c2\" id=\"initial-content\" class=\"h-section h-section-global-spacing d-flex align-items-lg-center align-items-md-center align-items-center style-473 style-local-161-c2 position-relative\">\n    <!---->\n    <!---->\n    <div class=\"h-section-grid-container h-section-boxed-container\">\n      <!---->\n      <div data-colibri-id=\"161-c3\" class=\"h-row-container gutters-row-lg-2 gutters-row-md-2 gutters-row-0 gutters-row-v-lg-2 gutters-row-v-md-2 gutters-row-v-2 style-474 style-local-161-c3 position-relative\">\n        <!---->\n        <div class=\"h-row justify-content-lg-center justify-content-md-center justify-content-center align-items-lg-stretch align-items-md-stretch align-items-stretch gutters-col-lg-2 gutters-col-md-2 gutters-col-0 gutters-col-v-lg-2 gutters-col-v-md-2 gutters-col-v-2\">\n          <!---->\n          <div class=\"h-column h-column-container d-flex h-col-lg-auto h-col-md-auto h-col-auto style-475-outer style-local-161-c4-outer\">\n            <div data-colibri-id=\"161-c4\" class=\"d-flex h-flex-basis h-column__inner h-px-lg-2 h-px-md-2 h-px-2 v-inner-lg-2 v-inner-md-2 v-inner-2 style-475 style-local-161-c4 position-relative\">\n              <!---->\n              <!---->\n              <div class=\"w-100 h-y-container h-column__content h-column__v-align flex-basis-100 align-self-lg-start align-self-md-start align-self-start\">\n                <!---->\n                <div data-colibri-id=\"161-c5\" class=\"style-476 style-local-161-c5 position-relative h-element\">\n                  <!---->\n                  <div>\n                    <ul>\n                      <li>Dentallabor Sander und Partner, Erkelenz<\/li>\n                      <li>Tischlerei Jansen, H\u00fcckelhoven<\/li>\n                      <li>Kreiswasserwerk Heinsberg<\/li>\n                      <li>Foto Siedler, Kaarst<\/li>\n                      <li>Volksbank Erkelenz-H\u00fcckelhoven-Wegberg eG<\/li>\n                      <li>Apollo Variete, D\u00fcsseldorf<\/li>\n                      <li>Hotel Friends, H\u00fcckelhoven<\/li>\n                      <li>NEW \/ WestEnergie und Verkehr GmbH, Erkelenz<\/li>\n                      <li>Elektrowerke Rockenbach, Krefeld<\/li>\n                      <li>Circus Flic Flac<\/li>\n                      <li>Variete Etcetera, Bochum<\/li>\n                      <li>Urbanatix<\/li>\n                      <li>Jonny Casselly jr.<\/li>\n                      <li>McDonalds, H\u00fcckelhoven<\/li>\n                      <li>Peugot Autohaus Hanisch, H\u00fcckelhoven<\/li>\n                    <\/ul>\n                  <\/div>\n                <\/div>\n              <\/div>\n            <\/div>\n          <\/div>\n        <\/div>\n      <\/div>\n    <\/div>\n  <\/div>\n  <div data-colibri-component=\"section\" data-colibri-id=\"161-c6\" id=\"custom\" class=\"h-section h-section-global-spacing d-flex align-items-lg-center align-items-md-center align-items-center style-477 style-local-161-c6 position-relative\">\n    <!---->\n    <!---->\n    <div class=\"h-section-grid-container h-section-boxed-container\">\n      <!---->\n      <div data-colibri-id=\"161-c7\" class=\"h-row-container gutters-row-lg-2 gutters-row-md-2 gutters-row-0 gutters-row-v-lg-2 gutters-row-v-md-2 gutters-row-v-2 style-478 style-local-161-c7 position-relative\">\n        <!---->\n        <div class=\"h-row justify-content-lg-center justify-content-md-center justify-content-center align-items-lg-stretch align-items-md-stretch align-items-stretch gutters-col-lg-2 gutters-col-md-2 gutters-col-0 gutters-col-v-lg-2 gutters-col-v-md-2 gutters-col-v-2\">\n          <!---->\n          <div class=\"h-column h-column-container d-flex h-col-lg-auto h-col-md-auto h-col-auto style-479-outer style-local-161-c8-outer\">\n            <div data-colibri-id=\"161-c8\" class=\"d-flex h-flex-basis h-column__inner h-px-lg-2 h-px-md-2 h-px-2 v-inner-lg-2 v-inner-md-2 v-inner-2 style-479 style-local-161-c8 position-relative\">\n              <!---->\n              <!---->\n              <div class=\"w-100 h-y-container h-column__content h-column__v-align flex-basis-100 align-self-lg-start align-self-md-start align-self-start\">\n                <!---->\n                <div data-colibri-id=\"161-c10\" class=\"h-x-container style-481 style-local-161-c10 position-relative h-element\">\n                  <!---->\n                  <div class=\"h-x-container-inner style-dynamic-161-c10-group style-481-spacing style-local-161-c10-spacing\"><span class=\"h-link__outer style-482-outer style-local-161-c11-outer d-inline-flex h-element\"><a h-use-smooth-scroll=\"true\" href=\"http:\/\/www.zirkusfestival-hueckelhoven.de\/wordpress\/index.php\/impressum\/\"  data-colibri-id=\"161-c11\" class=\"d-flex w-100 align-items-center h-link style-482 style-local-161-c11 position-relative\"><!----><!----> <span>Impressum<\/span><\/a>\n                    <\/span>\n                  <\/div>\n                <\/div>\n              <\/div>\n            <\/div>\n          <\/div>\n          <div class=\"h-column h-column-container d-flex h-col-lg-auto h-col-md-auto h-col-auto style-480-outer style-local-161-c9-outer\">\n            <div data-colibri-id=\"161-c9\" class=\"d-flex h-flex-basis h-column__inner h-px-lg-2 h-px-md-2 h-px-2 v-inner-lg-2 v-inner-md-2 v-inner-2 style-480 style-local-161-c9 position-relative\">\n              <!---->\n              <!---->\n              <div class=\"w-100 h-y-container h-column__content h-column__v-align flex-basis-100 align-self-lg-start align-self-md-start align-self-start\">\n                <!---->\n                <div data-colibri-id=\"161-c12\" class=\"h-x-container style-483 style-local-161-c12 position-relative h-element\">\n                  <!---->\n                  <div class=\"h-x-container-inner style-dynamic-161-c12-group style-483-spacing style-local-161-c12-spacing\"><span class=\"h-link__outer style-484-outer style-local-161-c13-outer d-inline-flex h-element\"><a h-use-smooth-scroll=\"true\" href=\"http:\/\/www.zirkusfestival-hueckelhoven.de\/wordpress\/index.php\/datenschutzerklaerung\/\"  data-colibri-id=\"161-c13\" class=\"d-flex w-100 align-items-center h-link style-484 style-local-161-c13 position-relative\"><!----><!----> <span>Datenschutz<\/span><\/a>\n                    <\/span>\n                  <\/div>\n                <\/div>\n              <\/div>\n            <\/div>\n          <\/div>\n        <\/div>\n      <\/div>\n    <\/div>\n  <\/div>\n<\/div>","protected":false},"excerpt":{"rendered":"<p>Dentallabor Sander und Partner, Erkelenz Tischlerei Jansen, H\u00fcckelhoven Kreiswasserwerk Heinsberg Foto Siedler, Kaarst Volksbank Erkelenz-H\u00fcckelhoven-Wegberg eG Apollo Variete, D\u00fcsseldorf Hotel Friends, H\u00fcckelhoven NEW \/ WestEnergie und Verkehr GmbH, Erkelenz Elektrowerke Rockenbach, Krefeld Circus Flic Flac Variete Etcetera, Bochum Urbanatix Jonny Casselly jr. McDonalds, H\u00fcckelhoven Peugot Autohaus Hanisch, H\u00fcckelhoven Impressum Datenschutz<\/p>\n","protected":false},"author":4,"featured_media":0,"parent":15,"menu_order":0,"comment_status":"closed","ping_status":"closed","template":"page-templates\/full-width-page.php","meta":{"footnotes":""},"class_list":["post-161","page","type-page","status-publish","hentry"],"_links":{"self":[{"href":"https:\/\/www.zirkusfestival-hueckelhoven.de\/wordpress\/wp-json\/wp\/v2\/pages\/161","targetHints":{"allow":["GET"]}}],"collection":[{"href":"https:\/\/www.zirkusfestival-hueckelhoven.de\/wordpress\/wp-json\/wp\/v2\/pages"}],"about":[{"href":"https:\/\/www.zirkusfestival-hueckelhoven.de\/wordpress\/wp-json\/wp\/v2\/types\/page"}],"author":[{"embeddable":true,"href":"https:\/\/www.zirkusfestival-hueckelhoven.de\/wordpress\/wp-json\/wp\/v2\/users\/4"}],"replies":[{"embeddable":true,"href":"https:\/\/www.zirkusfestival-hueckelhoven.de\/wordpress\/wp-json\/wp\/v2\/comments?post=161"}],"version-history":[{"count":5,"href":"https:\/\/www.zirkusfestival-hueckelhoven.de\/wordpress\/wp-json\/wp\/v2\/pages\/161\/revisions"}],"predecessor-version":[{"id":1075,"href":"https:\/\/www.zirkusfestival-hueckelhoven.de\/wordpress\/wp-json\/wp\/v2\/pages\/161\/revisions\/1075"}],"up":[{"embeddable":true,"href":"https:\/\/www.zirkusfestival-hueckelhoven.de\/wordpress\/wp-json\/wp\/v2\/pages\/15"}],"wp:attachment":[{"href":"https:\/\/www.zirkusfestival-hueckelhoven.de\/wordpress\/wp-json\/wp\/v2\/media?parent=161"}],"curies":[{"name":"wp","href":"https:\/\/api.w.org\/{rel}","templated":true}]}}