{"id":1489,"date":"2023-06-12T19:50:24","date_gmt":"2023-06-12T17:50:24","guid":{"rendered":"http:\/\/www.zirkusfestival-hueckelhoven.de\/wordpress\/?page_id=1489"},"modified":"2023-06-24T19:33:55","modified_gmt":"2023-06-24T17:33:55","slug":"ticket-shop-german","status":"publish","type":"page","link":"https:\/\/www.zirkusfestival-hueckelhoven.de\/wordpress\/ticket-shop-german\/","title":{"rendered":"Ticket Shop"},"content":{"rendered":"<div data-colibri-id=\"1489-c1\" class=\"style-612 style-local-1489-c1 position-relative\">\n  <!---->\n  <div data-colibri-component=\"section\" data-colibri-id=\"1489-c2\" id=\"initial-content\" class=\"h-section h-section-global-spacing d-flex align-items-lg-center align-items-md-center align-items-center style-613 style-local-1489-c2 position-relative\">\n    <!---->\n    <!---->\n    <div class=\"h-section-grid-container h-section-boxed-container\">\n      <!---->\n      <div data-colibri-id=\"1489-c3\" class=\"h-row-container gutters-row-lg-2 gutters-row-md-2 gutters-row-0 gutters-row-v-lg-2 gutters-row-v-md-2 gutters-row-v-2 style-614 style-local-1489-c3 position-relative\">\n        <!---->\n        <div class=\"h-row justify-content-lg-center justify-content-md-center justify-content-center align-items-lg-stretch align-items-md-stretch align-items-stretch gutters-col-lg-2 gutters-col-md-2 gutters-col-0 gutters-col-v-lg-2 gutters-col-v-md-2 gutters-col-v-2\">\n          <!---->\n          <div class=\"h-column h-column-container d-flex h-col-lg-auto h-col-md-auto h-col-auto style-639-outer style-local-1489-c4-outer\">\n            <div data-colibri-id=\"1489-c4\" class=\"d-flex h-flex-basis h-column__inner h-px-lg-2 h-px-md-2 h-px-2 v-inner-lg-2 v-inner-md-2 v-inner-2 style-639 style-local-1489-c4 position-relative\">\n              <!---->\n              <!---->\n              <div class=\"w-100 h-y-container h-column__content h-column__v-align flex-basis-100 align-self-lg-start align-self-md-start align-self-start\">\n                <!---->\n                <div data-colibri-id=\"1489-c5\" class=\"h-text h-text-component style-640 style-local-1489-c5 position-relative h-element\">\n                  <!---->\n                  <!---->\n                  <div class=\"\">\n                    <p>Bestellungen bitte per E-Mail mit Angaben zu Anzahl der Tickets und Tag und Uhrzeit der Vorstellung an&nbsp;\n                      <a href=\"mailto:10.Zirkusfestival.Hueckelhoven@gmail.com\" style=\"font-family: &quot;Open Sans&quot;; font-weight: 400; font-size: 1em; color: rgb(242, 101, 89);\">10.Zirkusfestival.Hueckelhoven@gmail.com<\/a>:<\/p>\n                    <p><strong>1. Vorstellungen<\/strong><\/p>\n                    <p>&nbsp;&nbsp;Dienstagabend&nbsp;&nbsp;&nbsp;&nbsp;&nbsp;&nbsp;&nbsp;&nbsp;&nbsp;&nbsp;&nbsp;&nbsp;&nbsp;26.09.2023: 19:00 h (4,00&nbsp;EUR)<\/p>\n                    <p>&nbsp;&nbsp;Mittwochmorgen&nbsp;&nbsp;&nbsp;&nbsp;&nbsp;&nbsp;&nbsp;&nbsp;&nbsp;&nbsp;27.09.2023: 11:00 h (4,00&nbsp;EUR)<\/p>\n                    <p>&nbsp;&nbsp;Mittwochabend&nbsp;&nbsp;&nbsp;&nbsp;&nbsp;&nbsp;&nbsp;&nbsp;&nbsp;&nbsp;&nbsp;&nbsp;27.09.2023: 19:00 h (4,00&nbsp;EUR)<\/p>\n                    <p>&nbsp;&nbsp;Donnerstagmorgen&nbsp;&nbsp;&nbsp;&nbsp;&nbsp;&nbsp;28.09.2023: 11:00 h (4,00&nbsp;EUR)<\/p>\n                    <p>&nbsp;&nbsp;Donnerstagabend&nbsp;&nbsp;&nbsp;&nbsp;&nbsp;&nbsp;&nbsp;&nbsp;&nbsp;28.09.2023: 19:00 h (4,00&nbsp;EUR)<\/p>\n                    <p>&nbsp;&nbsp;Freitagmorgen&nbsp;&nbsp;&nbsp;&nbsp;&nbsp;&nbsp;&nbsp;&nbsp;&nbsp;&nbsp;&nbsp;&nbsp;&nbsp;&nbsp;29.09.2023:&nbsp;<strong>10:00 h<\/strong>&nbsp;(4,00 EUR)<\/p>\n                    <p>&nbsp;&nbsp;Freitagabend&nbsp;&nbsp;&nbsp;&nbsp;&nbsp;&nbsp;&nbsp;&nbsp;&nbsp;&nbsp;&nbsp;&nbsp;&nbsp;&nbsp;&nbsp;&nbsp;&nbsp;29.09.2023: 19:00 h&nbsp;<strong>(5,00&nbsp;EUR)<\/strong><\/p>\n                    <p><strong>2. Versand oder Abholung im Sekretariat<\/strong><\/p>\n                    <p>Bei Versand ben\u00f6tigen wir die Postanschrift und berechnen eine Versandpauschale von 2,00&nbsp;EUR. Die Abholung im Sekretariat ist kostenfrei.&nbsp;\n                      <br>Die Eintrittskarten werden nach Zahlungseingang versendet bzw. Im Sekretariat zur Abholung bereitgelegt.&nbsp;<\/p>\n                    <p><strong>3. Bezahlung<\/strong><\/p>\n                    <p>\n                      <u>A) \u00dcbermittlung per PayPal:<\/u>\n                    <\/p>\n                    <p>Bitte \u00fcbermitteln Sie den Gesamtbetrag entsprechend Ihrer Bestellung zuz\u00fcglich einer Vorverkaufsgeb\u00fchr von 2,00&nbsp;EUR und etwaiger Versandpauschale an: <span style=\"font-weight: 600;\">verein@zirkusfestival-hueckelhoven.de<\/span>.<\/p>\n                    <p><em>oder<\/em><\/p>\n                    <p>\n                      <u>B) \u00dcberweisung:<\/u>\n                    <\/p>\n                    <p>Bitte \u00dcberweisen Sie den Gesamtbetrag entsprechend Ihrer Bestellung zuz\u00fcglich einer Vorverkaufsgeb\u00fchr von 2,00&nbsp;EUR und etwaiger Versandpauschale auf folgendes Konto:&nbsp;<\/p>\n                    <p>\n                      <u>Bankverbindung:<\/u>\n                    <\/p>\n                    <p><span style=\"font-weight: 600;\">Verein H\u00fcckelhovener Zirkusfreunde e.V.&nbsp;<\/span><\/p>\n                    <p><span style=\"font-weight: 600;\">Volksbank M\u00f6nchengladbach eG<\/span><\/p>\n                    <p><span style=\"font-weight: 600;\">IBAN: DE83 3106 0517 6211 9670 11&nbsp;<\/span><\/p>\n                    <p><span style=\"font-weight: 600;\">BIC: GENODED1MRB&nbsp;<\/span><\/p>\n                    <p>\n                      <br>\n                    <\/p>\n                    <p>Die Bestellungen werden chronologisch entsprechend ihres Eingangs bearbeitet.&nbsp;Eine R\u00fcckerstattung des Kaufpreises ist leider nicht m\u00f6glich.<\/p>\n                    <p>\n                      <br>\n                    <\/p>\n                  <\/div>\n                <\/div>\n              <\/div>\n            <\/div>\n          <\/div>\n        <\/div>\n      <\/div>\n    <\/div>\n  <\/div>\n  <div data-colibri-component=\"section\" data-colibri-id=\"1489-c6\" id=\"custom\" class=\"h-section h-section-global-spacing d-flex align-items-lg-center align-items-md-center align-items-center style-662 style-local-1489-c6 position-relative\">\n    <!---->\n    <!---->\n    <div class=\"h-section-grid-container h-section-boxed-container\">\n      <!---->\n      <div data-colibri-id=\"1489-c7\" class=\"h-row-container gutters-row-lg-2 gutters-row-md-2 gutters-row-0 gutters-row-v-lg-2 gutters-row-v-md-2 gutters-row-v-2 style-663 style-local-1489-c7 position-relative\">\n        <!---->\n        <div class=\"h-row justify-content-lg-center justify-content-md-center justify-content-center align-items-lg-stretch align-items-md-stretch align-items-stretch gutters-col-lg-2 gutters-col-md-2 gutters-col-0 gutters-col-v-lg-2 gutters-col-v-md-2 gutters-col-v-2\">\n          <!---->\n          <div class=\"h-column h-column-container d-flex h-col-lg-auto h-col-md-auto h-col-auto style-200-outer style-local-1489-c8-outer\">\n            <div data-colibri-id=\"1489-c8\" class=\"d-flex h-flex-basis h-column__inner h-px-lg-2 h-px-md-2 h-px-2 v-inner-lg-2 v-inner-md-2 v-inner-2 style-200 style-local-1489-c8 position-relative\">\n              <!---->\n              <!---->\n              <div class=\"w-100 h-y-container h-column__content h-column__v-align flex-basis-100 align-self-lg-start align-self-md-start align-self-start\">\n                <!---->\n                <div data-colibri-id=\"1489-c9\" class=\"h-x-container style-665 style-local-1489-c9 position-relative h-element\">\n                  <!---->\n                  <div class=\"h-x-container-inner style-dynamic-1489-c9-group style-665-spacing style-local-1489-c9-spacing\"><span class=\"h-link__outer style-666-outer style-local-1489-c10-outer d-inline-flex h-element\"><a h-use-smooth-scroll=\"true\" href=\"https:\/\/www.zirkusfestival-hueckelhoven.de\/wordpress\/impressum\/\"  data-colibri-id=\"1489-c10\" class=\"d-flex w-100 align-items-center h-link style-666 style-local-1489-c10 position-relative\"><!----><!----> <span>Impressum<\/span><\/a>\n                    <\/span>\n                  <\/div>\n                <\/div>\n              <\/div>\n            <\/div>\n          <\/div>\n          <div class=\"h-column h-column-container d-flex h-col-lg-auto h-col-md-auto h-col-auto style-200-outer style-local-1489-c11-outer\">\n            <div data-colibri-id=\"1489-c11\" class=\"d-flex h-flex-basis h-column__inner h-px-lg-2 h-px-md-2 h-px-2 v-inner-lg-2 v-inner-md-2 v-inner-2 style-200 style-local-1489-c11 position-relative\">\n              <!---->\n              <!---->\n              <div class=\"w-100 h-y-container h-column__content h-column__v-align flex-basis-100 align-self-lg-start align-self-md-start align-self-start\">\n                <!---->\n                <div data-colibri-id=\"1489-c12\" class=\"h-x-container style-668 style-local-1489-c12 position-relative h-element\">\n                  <!---->\n                  <div class=\"h-x-container-inner style-dynamic-1489-c12-group style-668-spacing style-local-1489-c12-spacing\"><span class=\"h-link__outer style-669-outer style-local-1489-c13-outer d-inline-flex h-element\"><a h-use-smooth-scroll=\"true\" href=\"https:\/\/www.zirkusfestival-hueckelhoven.de\/wordpress\/datenschutzerklaerung\/\"  data-colibri-id=\"1489-c13\" class=\"d-flex w-100 align-items-center h-link style-669 style-local-1489-c13 position-relative\"><!----><!----> <span>Datenschutz<\/span><\/a>\n                    <\/span>\n                  <\/div>\n                <\/div>\n              <\/div>\n            <\/div>\n          <\/div>\n        <\/div>\n      <\/div>\n    <\/div>\n  <\/div>\n<\/div>","protected":false},"excerpt":{"rendered":"<p>Bestellungen bitte per E-Mail mit Angaben zu Anzahl der Tickets und Tag und Uhrzeit der Vorstellung an&nbsp; 10.Zirkusfestival.Hueckelhoven@gmail.com: 1. Vorstellungen &nbsp;&nbsp;Dienstagabend&nbsp;&nbsp;&nbsp;&nbsp;&nbsp;&nbsp;&nbsp;&nbsp;&nbsp;&nbsp;&nbsp;&nbsp;&nbsp;26.09.2023: 19:00 h (4,00&nbsp;EUR) &nbsp;&nbsp;Mittwochmorgen&nbsp;&nbsp;&nbsp;&nbsp;&nbsp;&nbsp;&nbsp;&nbsp;&nbsp;&nbsp;27.09.2023: 11:00 h (4,00&nbsp;EUR) &nbsp;&nbsp;Mittwochabend&nbsp;&nbsp;&nbsp;&nbsp;&nbsp;&nbsp;&nbsp;&nbsp;&nbsp;&nbsp;&nbsp;&nbsp;27.09.2023: 19:00 h (4,00&nbsp;EUR) &nbsp;&nbsp;Donnerstagmorgen&nbsp;&nbsp;&nbsp;&nbsp;&nbsp;&nbsp;28.09.2023: 11:00 h (4,00&nbsp;EUR) &nbsp;&nbsp;Donnerstagabend&nbsp;&nbsp;&nbsp;&nbsp;&nbsp;&nbsp;&nbsp;&nbsp;&nbsp;28.09.2023: 19:00 h (4,00&nbsp;EUR) &nbsp;&nbsp;Freitagmorgen&nbsp;&nbsp;&nbsp;&nbsp;&nbsp;&nbsp;&nbsp;&nbsp;&nbsp;&nbsp;&nbsp;&nbsp;&nbsp;&nbsp;29.09.2023:&nbsp;10:00 h&nbsp;(4,00 EUR) &nbsp;&nbsp;Freitagabend&nbsp;&nbsp;&nbsp;&nbsp;&nbsp;&nbsp;&nbsp;&nbsp;&nbsp;&nbsp;&nbsp;&nbsp;&nbsp;&nbsp;&nbsp;&nbsp;&nbsp;29.09.2023: 19:00 h&nbsp;(5,00&nbsp;EUR) 2. Versand oder Abholung im Sekretariat Bei Versand ben\u00f6tigen [&hellip;]<\/p>\n","protected":false},"author":7,"featured_media":0,"parent":0,"menu_order":0,"comment_status":"closed","ping_status":"closed","template":"page-templates\/full-width-page.php","meta":{"footnotes":""},"class_list":["post-1489","page","type-page","status-publish","hentry"],"_links":{"self":[{"href":"https:\/\/www.zirkusfestival-hueckelhoven.de\/wordpress\/wp-json\/wp\/v2\/pages\/1489","targetHints":{"allow":["GET"]}}],"collection":[{"href":"https:\/\/www.zirkusfestival-hueckelhoven.de\/wordpress\/wp-json\/wp\/v2\/pages"}],"about":[{"href":"https:\/\/www.zirkusfestival-hueckelhoven.de\/wordpress\/wp-json\/wp\/v2\/types\/page"}],"author":[{"embeddable":true,"href":"https:\/\/www.zirkusfestival-hueckelhoven.de\/wordpress\/wp-json\/wp\/v2\/users\/7"}],"replies":[{"embeddable":true,"href":"https:\/\/www.zirkusfestival-hueckelhoven.de\/wordpress\/wp-json\/wp\/v2\/comments?post=1489"}],"version-history":[{"count":14,"href":"https:\/\/www.zirkusfestival-hueckelhoven.de\/wordpress\/wp-json\/wp\/v2\/pages\/1489\/revisions"}],"predecessor-version":[{"id":2134,"href":"https:\/\/www.zirkusfestival-hueckelhoven.de\/wordpress\/wp-json\/wp\/v2\/pages\/1489\/revisions\/2134"}],"wp:attachment":[{"href":"https:\/\/www.zirkusfestival-hueckelhoven.de\/wordpress\/wp-json\/wp\/v2\/media?parent=1489"}],"curies":[{"name":"wp","href":"https:\/\/api.w.org\/{rel}","templated":true}]}}